{"id":10609,"date":"2025-04-29T12:41:20","date_gmt":"2025-04-29T10:41:20","guid":{"rendered":"https:\/\/www.biscottificiogrondona.com\/?post_type=product&#038;p=10609"},"modified":"2025-04-29T12:43:31","modified_gmt":"2025-04-29T10:43:31","slug":"biscottini-di-pasticceria-1kg","status":"publish","type":"product","link":"https:\/\/www.biscottificiogrondona.com\/fr\/produit\/biscottini-di-pasticceria-1kg\/","title":{"rendered":"Pasticceria Grondona"},"content":{"rendered":"<p>Dans un seul emballage, Grondona a rassembl\u00e9 quelques-unes des recettes les plus savoureuses pour une occasion d\u00e9licieuse. Dans l'\u00e9l\u00e9gante bo\u00eete en fer-blanc, cinq qualit\u00e9s de biscuits p\u00e2tissiers emball\u00e9s s\u00e9par\u00e9ment en portions de quatre pour conserver les parfums et les senteurs du frais. Le Boccino (la recette traditionnelle du pandolce avec des pignons de Pise extra, des raisins secs et des fruits confits), le Bacio di Dama, le Canestrellino al Cacao (p\u00e2te bris\u00e9e au cacao avec des p\u00e9pites de pur chocolat noir), le Gocce (des p\u00e9pites de chocolat noir enrichissent la p\u00e2te bris\u00e9e classique au beurre), le Canestrellino (p\u00e2te bris\u00e9e g\u00e9noise classique, au beurre, riche et simple).<\/p>","protected":false},"excerpt":{"rendered":"<p>La Collection du Go\u00fbt<\/p>","protected":false},"featured_media":10610,"template":"","meta":{"_acf_changed":false},"product_brand":[],"product_cat":[34,29],"product_tag":[43,48,54,64,49,62,50,47,53,59,51,52],"class_list":{"0":"post-10609","1":"product","2":"type-product","3":"status-publish","4":"has-post-thumbnail","6":"product_cat-gift","7":"product_cat-grondona","8":"product_tag-chocolate","9":"product_tag-classic","10":"product_tag-coconut","11":"product_tag-dried-fruit","12":"product_tag-fruity","13":"product_tag-hazelnuts","14":"product_tag-lemon","15":"product_tag-nuts","16":"product_tag-oranges","17":"product_tag-pine-nuts","18":"product_tag-raisins","19":"product_tag-vanilla","21":"first","22":"instock","23":"taxable","24":"shipping-taxable","25":"purchasable","26":"product-type-simple"},"acf":[],"jetpack_sharing_enabled":true,"_links":{"self":[{"href":"https:\/\/www.biscottificiogrondona.com\/fr\/wp-json\/wp\/v2\/product\/10609","targetHints":{"allow":["GET"]}}],"collection":[{"href":"https:\/\/www.biscottificiogrondona.com\/fr\/wp-json\/wp\/v2\/product"}],"about":[{"href":"https:\/\/www.biscottificiogrondona.com\/fr\/wp-json\/wp\/v2\/types\/product"}],"wp:featuredmedia":[{"embeddable":true,"href":"https:\/\/www.biscottificiogrondona.com\/fr\/wp-json\/wp\/v2\/media\/10610"}],"wp:attachment":[{"href":"https:\/\/www.biscottificiogrondona.com\/fr\/wp-json\/wp\/v2\/media?parent=10609"}],"wp:term":[{"taxonomy":"product_brand","embeddable":true,"href":"https:\/\/www.biscottificiogrondona.com\/fr\/wp-json\/wp\/v2\/product_brand?post=10609"},{"taxonomy":"product_cat","embeddable":true,"href":"https:\/\/www.biscottificiogrondona.com\/fr\/wp-json\/wp\/v2\/product_cat?post=10609"},{"taxonomy":"product_tag","embeddable":true,"href":"https:\/\/www.biscottificiogrondona.com\/fr\/wp-json\/wp\/v2\/product_tag?post=10609"}],"curies":[{"name":"wp","href":"https:\/\/api.w.org\/{rel}","templated":true}]}}