{"id":1673,"date":"2021-09-21T09:59:12","date_gmt":"2021-09-21T09:59:12","guid":{"rendered":"https:\/\/suleymanyilmaz.website\/?post_type=product&#038;p=1673"},"modified":"2025-04-24T16:02:56","modified_gmt":"2025-04-24T14:02:56","slug":"biscottoni-cappuccino-290g","status":"publish","type":"product","link":"https:\/\/www.biscottificiogrondona.com\/fr\/produit\/biscottoni-cappuccino-290g\/","title":{"rendered":"Biscottoni Cappuccino"},"content":{"rendered":"<p>Shortcrust cappuccino biscuits with Arabica coffee. They come with a knurling on the top.<br \/>\nThe Biscottoni, with it&#8217;s good friability and a taste of the past, is linked to a simple shortcrust pastry, which becomes special<br \/>\ngr\u00e2ce \u00e0 la richesse des ingr\u00e9dients et \u00e0 un traitement long et minutieux.<\/p>\n<p>&nbsp;<\/p>","protected":false},"excerpt":{"rendered":"<p>Biscuits sabl\u00e9s au caf\u00e9 et lait<br \/>\nD\u00e9licieux<\/p>","protected":false},"featured_media":10521,"template":"","meta":{"_acf_changed":false},"product_brand":[],"product_cat":[28,29],"product_tag":[48,57],"class_list":{"0":"post-1673","1":"product","2":"type-product","3":"status-publish","4":"has-post-thumbnail","6":"product_cat-breakfast","7":"product_cat-grondona","8":"product_tag-classic","9":"product_tag-coffee","11":"first","12":"instock","13":"taxable","14":"shipping-taxable","15":"purchasable","16":"product-type-simple"},"acf":[],"jetpack_sharing_enabled":true,"_links":{"self":[{"href":"https:\/\/www.biscottificiogrondona.com\/fr\/wp-json\/wp\/v2\/product\/1673","targetHints":{"allow":["GET"]}}],"collection":[{"href":"https:\/\/www.biscottificiogrondona.com\/fr\/wp-json\/wp\/v2\/product"}],"about":[{"href":"https:\/\/www.biscottificiogrondona.com\/fr\/wp-json\/wp\/v2\/types\/product"}],"wp:featuredmedia":[{"embeddable":true,"href":"https:\/\/www.biscottificiogrondona.com\/fr\/wp-json\/wp\/v2\/media\/10521"}],"wp:attachment":[{"href":"https:\/\/www.biscottificiogrondona.com\/fr\/wp-json\/wp\/v2\/media?parent=1673"}],"wp:term":[{"taxonomy":"product_brand","embeddable":true,"href":"https:\/\/www.biscottificiogrondona.com\/fr\/wp-json\/wp\/v2\/product_brand?post=1673"},{"taxonomy":"product_cat","embeddable":true,"href":"https:\/\/www.biscottificiogrondona.com\/fr\/wp-json\/wp\/v2\/product_cat?post=1673"},{"taxonomy":"product_tag","embeddable":true,"href":"https:\/\/www.biscottificiogrondona.com\/fr\/wp-json\/wp\/v2\/product_tag?post=1673"}],"curies":[{"name":"wp","href":"https:\/\/api.w.org\/{rel}","templated":true}]}}