{"id":1676,"date":"2021-10-12T09:59:12","date_gmt":"2021-10-12T09:59:12","guid":{"rendered":"https:\/\/suleymanyilmaz.website\/?post_type=product&#038;p=1676"},"modified":"2025-04-24T16:29:26","modified_gmt":"2025-04-24T14:29:26","slug":"ciambellone-2500g","status":"publish","type":"product","link":"https:\/\/www.biscottificiogrondona.com\/fr\/produit\/ciambellone-2500g\/","title":{"rendered":"Ciambellone"},"content":{"rendered":"<p>Le Ciambellone est un aliment d'origine modeste, qui \u00e9tait autrefois consomm\u00e9 lors des f\u00eates communautaires, des banquets et des repas de famille. Le Ciambellone est le g\u00e2teau typique du petit-d\u00e9jeuner qui cr\u00e9e une atmosph\u00e8re d'excitation familiale.<\/p>\n<p>Grondona utilise encore partiellement un processus manuel pour fabriquer ce produit, respectant ainsi la tradition de la p\u00e2tisserie italienne.<\/p>\n<p>Une p\u00e2tisserie rendue moelleuse par le proc\u00e9d\u00e9 traditionnel naturel de levage, avec des levures sauvages obtenues \u00e0 partir du levain rafra\u00eechi quotidiennement.<\/p>\n<p>Parfum\u00e9e aux raisins secs, \u00e0 l'eau de fleur d'oranger, aux gousses de vanille et aux v\u00e9ritables \u00e9corces d'orange confites.<\/p>\n<p>Son caract\u00e8re d\u00e9licieux repose sur le secret unique qui permet de bien faire les choses.<\/p>\n<p>Une recette traditionnelle, des ingr\u00e9dients fins et authentiques, et un travail soign\u00e9.<\/p>\n<p>&nbsp;<\/p>","protected":false},"excerpt":{"rendered":"<p>Le plaisir de partager<\/p>","protected":false},"featured_media":10543,"template":"","meta":{"_acf_changed":false},"product_brand":[],"product_cat":[28,29],"product_tag":[64,49,51],"class_list":{"0":"post-1676","1":"product","2":"type-product","3":"status-publish","4":"has-post-thumbnail","6":"product_cat-breakfast","7":"product_cat-grondona","8":"product_tag-dried-fruit","9":"product_tag-fruity","10":"product_tag-raisins","12":"first","13":"instock","14":"taxable","15":"shipping-taxable","16":"purchasable","17":"product-type-simple"},"acf":[],"jetpack_sharing_enabled":true,"_links":{"self":[{"href":"https:\/\/www.biscottificiogrondona.com\/fr\/wp-json\/wp\/v2\/product\/1676","targetHints":{"allow":["GET"]}}],"collection":[{"href":"https:\/\/www.biscottificiogrondona.com\/fr\/wp-json\/wp\/v2\/product"}],"about":[{"href":"https:\/\/www.biscottificiogrondona.com\/fr\/wp-json\/wp\/v2\/types\/product"}],"wp:featuredmedia":[{"embeddable":true,"href":"https:\/\/www.biscottificiogrondona.com\/fr\/wp-json\/wp\/v2\/media\/10543"}],"wp:attachment":[{"href":"https:\/\/www.biscottificiogrondona.com\/fr\/wp-json\/wp\/v2\/media?parent=1676"}],"wp:term":[{"taxonomy":"product_brand","embeddable":true,"href":"https:\/\/www.biscottificiogrondona.com\/fr\/wp-json\/wp\/v2\/product_brand?post=1676"},{"taxonomy":"product_cat","embeddable":true,"href":"https:\/\/www.biscottificiogrondona.com\/fr\/wp-json\/wp\/v2\/product_cat?post=1676"},{"taxonomy":"product_tag","embeddable":true,"href":"https:\/\/www.biscottificiogrondona.com\/fr\/wp-json\/wp\/v2\/product_tag?post=1676"}],"curies":[{"name":"wp","href":"https:\/\/api.w.org\/{rel}","templated":true}]}}