{"id":1677,"date":"2021-09-21T09:59:12","date_gmt":"2021-09-21T09:59:12","guid":{"rendered":"https:\/\/suleymanyilmaz.website\/?post_type=product&#038;p=1677"},"modified":"2025-04-24T16:25:25","modified_gmt":"2025-04-24T14:25:25","slug":"classic-canestrellini-125g","status":"publish","type":"product","link":"https:\/\/www.biscottificiogrondona.com\/fr\/produit\/classic-canestrellini-125g\/","title":{"rendered":"Canestrellini classiques"},"content":{"rendered":"<p>Les Canestrelli (ou Canestrellini en plus petit) sont des sucreries populaires, dont les origines sont tr\u00e8s anciennes. Ils \u00e9taient pr\u00e9par\u00e9s depuis le Moyen \u00c2ge avec le nom de n\u00e9buleuse, probablement par les guildes de producteurs de gaufres. Ils \u00e9taient offerts \u00e0 l'occasion de mariages, bapt\u00eames, f\u00eates religieuses, carnavals.<\/p>\n<p>La riche simplicit\u00e9 du typique Canestrello g\u00e9nois dans une forme consacr\u00e9e aux petits plaisirs \"d'apr\u00e8s l'heure\". Sans additifs ni ar\u00f4mes chimiques, selon la philosophie de Grondona.<\/p>\n<p>Saupoudr\u00e9 de sucre glace ou servi avec de la cr\u00e8me et du zabaglione au chocolat.<\/p>\n<p>Aujourd'hui, Canestrelli est reconnu au niveau national comme un \"produit alimentaire italien traditionnel\".<\/p>\n<p>&nbsp;<\/p>","protected":false},"excerpt":{"rendered":"<p>L'unicit\u00e9 est dans les d\u00e9tails<\/p>","protected":false},"featured_media":10557,"template":"","meta":{"_acf_changed":false},"product_brand":[],"product_cat":[28,29],"product_tag":[48],"class_list":{"0":"post-1677","1":"product","2":"type-product","3":"status-publish","4":"has-post-thumbnail","6":"product_cat-breakfast","7":"product_cat-grondona","8":"product_tag-classic","10":"first","11":"instock","12":"taxable","13":"shipping-taxable","14":"purchasable","15":"product-type-simple"},"acf":[],"jetpack_sharing_enabled":true,"_links":{"self":[{"href":"https:\/\/www.biscottificiogrondona.com\/fr\/wp-json\/wp\/v2\/product\/1677","targetHints":{"allow":["GET"]}}],"collection":[{"href":"https:\/\/www.biscottificiogrondona.com\/fr\/wp-json\/wp\/v2\/product"}],"about":[{"href":"https:\/\/www.biscottificiogrondona.com\/fr\/wp-json\/wp\/v2\/types\/product"}],"wp:featuredmedia":[{"embeddable":true,"href":"https:\/\/www.biscottificiogrondona.com\/fr\/wp-json\/wp\/v2\/media\/10557"}],"wp:attachment":[{"href":"https:\/\/www.biscottificiogrondona.com\/fr\/wp-json\/wp\/v2\/media?parent=1677"}],"wp:term":[{"taxonomy":"product_brand","embeddable":true,"href":"https:\/\/www.biscottificiogrondona.com\/fr\/wp-json\/wp\/v2\/product_brand?post=1677"},{"taxonomy":"product_cat","embeddable":true,"href":"https:\/\/www.biscottificiogrondona.com\/fr\/wp-json\/wp\/v2\/product_cat?post=1677"},{"taxonomy":"product_tag","embeddable":true,"href":"https:\/\/www.biscottificiogrondona.com\/fr\/wp-json\/wp\/v2\/product_tag?post=1677"}],"curies":[{"name":"wp","href":"https:\/\/api.w.org\/{rel}","templated":true}]}}