{"id":1680,"date":"2021-09-21T09:59:13","date_gmt":"2021-09-21T09:59:13","guid":{"rendered":"https:\/\/suleymanyilmaz.website\/?post_type=product&#038;p=1680"},"modified":"2025-04-23T16:07:14","modified_gmt":"2025-04-23T14:07:14","slug":"corleggeri-integrali-250g","status":"publish","type":"product","link":"https:\/\/www.biscottificiogrondona.com\/fr\/produit\/corleggeri-integrali-250g\/","title":{"rendered":"Corleggeri Integrali"},"content":{"rendered":"<p>Fruit d'un processus de fabrication qui dure 52 heures, les Corleggeri Integrali sont produits avec de la v\u00e9ritable farine de bl\u00e9 compl\u00e8te, en plus de la farine de bl\u00e9 et de l'huile d'olive extra vierge press\u00e9e \u00e0 froid, et, bien s\u00fbr, avec la levure m\u00e8re blanche centenaire de la famille.<\/p>\n<p>La levure m\u00e8re, un m\u00e9lange d'eau et de farine caract\u00e9ris\u00e9 par la pr\u00e9sence de deux esp\u00e8ces de levures et d'un ferment lactique vertueux, est rafra\u00eechie chaque jour. Le proc\u00e9d\u00e9 est rest\u00e9 inchang\u00e9 depuis 200 ans, ce qui permet de conserver les propri\u00e9t\u00e9s originales.<\/p>\n<p>&nbsp;<\/p>","protected":false},"excerpt":{"rendered":"<p>La sant\u00e9 en toute l\u00e9g\u00e8ret\u00e9, en format complet<\/p>","protected":false},"featured_media":10393,"template":"","meta":{"_acf_changed":false},"product_brand":[],"product_cat":[29,28],"product_tag":[48],"class_list":{"0":"post-1680","1":"product","2":"type-product","3":"status-publish","4":"has-post-thumbnail","6":"product_cat-grondona","7":"product_cat-breakfast","8":"product_tag-classic","10":"first","11":"instock","12":"taxable","13":"shipping-taxable","14":"purchasable","15":"product-type-simple"},"acf":[],"jetpack_sharing_enabled":true,"_links":{"self":[{"href":"https:\/\/www.biscottificiogrondona.com\/fr\/wp-json\/wp\/v2\/product\/1680","targetHints":{"allow":["GET"]}}],"collection":[{"href":"https:\/\/www.biscottificiogrondona.com\/fr\/wp-json\/wp\/v2\/product"}],"about":[{"href":"https:\/\/www.biscottificiogrondona.com\/fr\/wp-json\/wp\/v2\/types\/product"}],"wp:featuredmedia":[{"embeddable":true,"href":"https:\/\/www.biscottificiogrondona.com\/fr\/wp-json\/wp\/v2\/media\/10393"}],"wp:attachment":[{"href":"https:\/\/www.biscottificiogrondona.com\/fr\/wp-json\/wp\/v2\/media?parent=1680"}],"wp:term":[{"taxonomy":"product_brand","embeddable":true,"href":"https:\/\/www.biscottificiogrondona.com\/fr\/wp-json\/wp\/v2\/product_brand?post=1680"},{"taxonomy":"product_cat","embeddable":true,"href":"https:\/\/www.biscottificiogrondona.com\/fr\/wp-json\/wp\/v2\/product_cat?post=1680"},{"taxonomy":"product_tag","embeddable":true,"href":"https:\/\/www.biscottificiogrondona.com\/fr\/wp-json\/wp\/v2\/product_tag?post=1680"}],"curies":[{"name":"wp","href":"https:\/\/api.w.org\/{rel}","templated":true}]}}