{"id":1691,"date":"2021-09-21T09:59:14","date_gmt":"2021-09-21T09:59:14","guid":{"rendered":"https:\/\/suleymanyilmaz.website\/?post_type=product&#038;p=1691"},"modified":"2025-04-23T16:43:53","modified_gmt":"2025-04-23T14:43:53","slug":"pandolce-genovese","status":"publish","type":"product","link":"https:\/\/www.biscottificiogrondona.com\/fr\/produit\/pandolce-genovese\/","title":{"rendered":"Pandolce Genovese"},"content":{"rendered":"<p>Le v\u00e9ritable Pandolce Genovese est un produit \u00e0 base de levain et de levure m\u00e8re, un dessert typique de la capitale de la Ligurie qui est consomm\u00e9 pendant les f\u00eates.<\/p>\n<p>Elle est n\u00e9e d'une recette contenue dans le carnet noir de grand-p\u00e8re Orlando au d\u00e9but du 20e si\u00e8cle.<\/p>\n<p>Le secret de ce g\u00e2teau travaill\u00e9 \u00e0 la main est le levain \"Grondona\", rafra\u00eechi quotidiennement.<\/p>\n<p>Un m\u00e9lange riche et cors\u00e9 qui doit sa douceur \u00e0 la v\u00e9ritable salade de fruits qu'il contient : pommes, poires, ananas, \u00e9corces d'orange, raisins secs et v\u00e9ritables graines d'anis.<\/p>\n<p>&nbsp;<\/p>","protected":false},"excerpt":{"rendered":"<p>Gestes fondamentaux de savoir-faire<\/p>","protected":false},"featured_media":10405,"template":"","meta":{"_acf_changed":false},"product_brand":[],"product_cat":[29,33],"product_tag":[64,49,47,53,59,51],"class_list":{"0":"post-1691","1":"product","2":"type-product","3":"status-publish","4":"has-post-thumbnail","6":"product_cat-grondona","7":"product_cat-celebrations","8":"product_tag-dried-fruit","9":"product_tag-fruity","10":"product_tag-nuts","11":"product_tag-oranges","12":"product_tag-pine-nuts","13":"product_tag-raisins","15":"first","16":"instock","17":"taxable","18":"shipping-taxable","19":"purchasable","20":"product-type-variable"},"acf":[],"jetpack_sharing_enabled":true,"_links":{"self":[{"href":"https:\/\/www.biscottificiogrondona.com\/fr\/wp-json\/wp\/v2\/product\/1691","targetHints":{"allow":["GET"]}}],"collection":[{"href":"https:\/\/www.biscottificiogrondona.com\/fr\/wp-json\/wp\/v2\/product"}],"about":[{"href":"https:\/\/www.biscottificiogrondona.com\/fr\/wp-json\/wp\/v2\/types\/product"}],"wp:featuredmedia":[{"embeddable":true,"href":"https:\/\/www.biscottificiogrondona.com\/fr\/wp-json\/wp\/v2\/media\/10405"}],"wp:attachment":[{"href":"https:\/\/www.biscottificiogrondona.com\/fr\/wp-json\/wp\/v2\/media?parent=1691"}],"wp:term":[{"taxonomy":"product_brand","embeddable":true,"href":"https:\/\/www.biscottificiogrondona.com\/fr\/wp-json\/wp\/v2\/product_brand?post=1691"},{"taxonomy":"product_cat","embeddable":true,"href":"https:\/\/www.biscottificiogrondona.com\/fr\/wp-json\/wp\/v2\/product_cat?post=1691"},{"taxonomy":"product_tag","embeddable":true,"href":"https:\/\/www.biscottificiogrondona.com\/fr\/wp-json\/wp\/v2\/product_tag?post=1691"}],"curies":[{"name":"wp","href":"https:\/\/api.w.org\/{rel}","templated":true}]}}