{"id":1703,"date":"2021-10-05T09:59:32","date_gmt":"2021-10-05T09:59:32","guid":{"rendered":"https:\/\/suleymanyilmaz.website\/?post_type=product&#038;p=1703"},"modified":"2025-04-23T14:21:22","modified_gmt":"2025-04-23T12:21:22","slug":"pasticceria-assortita-550g","status":"publish","type":"product","link":"https:\/\/www.biscottificiogrondona.com\/fr\/produit\/pasticceria-assortita-550g\/","title":{"rendered":"Pasticceria Assortita"},"content":{"rendered":"<p>Toutes les sp\u00e9cialit\u00e9s de p\u00e2tisserie de Grondona dans un seul paquet :<\/p>\n<p>- Canestrelli Antica Genova\u00ae : Le croustillant et la saveur du pass\u00e9 dans une simple p\u00e2te bris\u00e9e qui devient sp\u00e9ciale gr\u00e2ce aux ingr\u00e9dients riches : Le beurre 25%, les gousses de vanille de Madagascar, le vrai jus de citron et le traitement long et soign\u00e9.<br \/>\n- Lunette\u00ae : De v\u00e9ritables p\u00e2tisseries avec des gouttes de pur chocolat noir et des notes de noix de coco, d\u00e9licieuses et irr\u00e9sistibles.<br \/>\n- Cuori Mori\u00ae : Notre d\u00e9claration d'amour jalouse pour les bonnes choses se trouve dans une recette qui d\u00e9tient le secret d'un lien profond entre le beurre et le cacao. Les Cuori Mori sont des sp\u00e9cialit\u00e9s faites de la plus d\u00e9licate des p\u00e2tes bris\u00e9es, enrichies de cacao fin et de gouttes de pur chocolat noir.<br \/>\n- Moretti : Le baiser de la dame renverse ses saveurs et devient de petits c\u0153urs de noisettes recouverts de pur chocolat noir.<br \/>\n- Baci di Dama : Petites coquilles de sabl\u00e9s fins aux noisettes pr\u00e9par\u00e9es selon des m\u00e9thodes artisanales et des ingr\u00e9dients soigneusement s\u00e9lectionn\u00e9s, li\u00e9es par une \u00e9paisse couche de chocolat noir pur.<br \/>\n- Cantucci : savoureuses p\u00e2tisseries aux amandes qui repr\u00e9sentent depuis toujours l'excellence de la confiserie \"Made in Italy\", recr\u00e9\u00e9es par Grondona selon d'anciennes recettes avec 22% d'amandes de Bari.<\/p>\n<p>&nbsp;<\/p>","protected":false},"excerpt":{"rendered":"<p>La Collection du Go\u00fbt<\/p>","protected":false},"featured_media":10382,"template":"","meta":{"_acf_changed":false},"product_brand":[],"product_cat":[34,29],"product_tag":[61,43,48,54,64,49,62,50,47,53,51,52],"class_list":{"0":"post-1703","1":"product","2":"type-product","3":"status-publish","4":"has-post-thumbnail","6":"product_cat-gift","7":"product_cat-grondona","8":"product_tag-almonds","9":"product_tag-chocolate","10":"product_tag-classic","11":"product_tag-coconut","12":"product_tag-dried-fruit","13":"product_tag-fruity","14":"product_tag-hazelnuts","15":"product_tag-lemon","16":"product_tag-nuts","17":"product_tag-oranges","18":"product_tag-raisins","19":"product_tag-vanilla","21":"first","22":"instock","23":"taxable","24":"shipping-taxable","25":"purchasable","26":"product-type-simple"},"acf":[],"jetpack_sharing_enabled":true,"_links":{"self":[{"href":"https:\/\/www.biscottificiogrondona.com\/fr\/wp-json\/wp\/v2\/product\/1703","targetHints":{"allow":["GET"]}}],"collection":[{"href":"https:\/\/www.biscottificiogrondona.com\/fr\/wp-json\/wp\/v2\/product"}],"about":[{"href":"https:\/\/www.biscottificiogrondona.com\/fr\/wp-json\/wp\/v2\/types\/product"}],"wp:featuredmedia":[{"embeddable":true,"href":"https:\/\/www.biscottificiogrondona.com\/fr\/wp-json\/wp\/v2\/media\/10382"}],"wp:attachment":[{"href":"https:\/\/www.biscottificiogrondona.com\/fr\/wp-json\/wp\/v2\/media?parent=1703"}],"wp:term":[{"taxonomy":"product_brand","embeddable":true,"href":"https:\/\/www.biscottificiogrondona.com\/fr\/wp-json\/wp\/v2\/product_brand?post=1703"},{"taxonomy":"product_cat","embeddable":true,"href":"https:\/\/www.biscottificiogrondona.com\/fr\/wp-json\/wp\/v2\/product_cat?post=1703"},{"taxonomy":"product_tag","embeddable":true,"href":"https:\/\/www.biscottificiogrondona.com\/fr\/wp-json\/wp\/v2\/product_tag?post=1703"}],"curies":[{"name":"wp","href":"https:\/\/api.w.org\/{rel}","templated":true}]}}