{"id":1706,"date":"2021-09-21T09:59:33","date_gmt":"2021-09-21T09:59:33","guid":{"rendered":"https:\/\/suleymanyilmaz.website\/?post_type=product&#038;p=1706"},"modified":"2025-04-24T16:28:12","modified_gmt":"2025-04-24T14:28:12","slug":"cacao-canestrellini","status":"publish","type":"product","link":"https:\/\/www.biscottificiogrondona.com\/fr\/produit\/cacao-canestrellini\/","title":{"rendered":"Cacao Canestrellini"},"content":{"rendered":"<p>Dans l'Antiquit\u00e9, les boulangers g\u00e9nois les identifiaient comme de petits canestrelli, mais les \"canestrellini au cacao\" ont un caract\u00e8re bien \u00e0 eux. Il est superflu de dire qu'ils sont devenus le favori des enfants dans la collection de Grondona.<\/p>\n<p>Fabriqu\u00e9es comme autrefois avec la recette originale de la p\u00e2te bris\u00e9e. Gr\u00e2ce \u00e0 Grondona, ces p\u00e2tisseries ont apport\u00e9 encore plus de saveur \u00e0 la tradition de la p\u00e2tisserie italienne.<\/p>\n<p>Tous les ingr\u00e9dients naturels des canestrellini nature sont \u00e9galement utilis\u00e9s dans ce biscuit.<\/p>\n<p>M\u00e9langes de cacao, gouttes de chocolat noir pur, travaill\u00e9s avec des farines s\u00e9lectionn\u00e9es, jaunes d'\u0153ufs, sucre, et une goutte de citron : vous sentez d\u00e9j\u00e0 le parfum ?<\/p>\n<p>&nbsp;<\/p>","protected":false},"excerpt":{"rendered":"<p>La tentation avec du caract\u00e8re<\/p>","protected":false},"featured_media":10536,"template":"","meta":{"_acf_changed":false},"product_brand":[],"product_cat":[29,28],"product_tag":[43],"class_list":{"0":"post-1706","1":"product","2":"type-product","3":"status-publish","4":"has-post-thumbnail","6":"product_cat-grondona","7":"product_cat-breakfast","8":"product_tag-chocolate","10":"first","11":"instock","12":"taxable","13":"shipping-taxable","14":"purchasable","15":"product-type-simple"},"acf":[],"jetpack_sharing_enabled":true,"_links":{"self":[{"href":"https:\/\/www.biscottificiogrondona.com\/fr\/wp-json\/wp\/v2\/product\/1706","targetHints":{"allow":["GET"]}}],"collection":[{"href":"https:\/\/www.biscottificiogrondona.com\/fr\/wp-json\/wp\/v2\/product"}],"about":[{"href":"https:\/\/www.biscottificiogrondona.com\/fr\/wp-json\/wp\/v2\/types\/product"}],"wp:featuredmedia":[{"embeddable":true,"href":"https:\/\/www.biscottificiogrondona.com\/fr\/wp-json\/wp\/v2\/media\/10536"}],"wp:attachment":[{"href":"https:\/\/www.biscottificiogrondona.com\/fr\/wp-json\/wp\/v2\/media?parent=1706"}],"wp:term":[{"taxonomy":"product_brand","embeddable":true,"href":"https:\/\/www.biscottificiogrondona.com\/fr\/wp-json\/wp\/v2\/product_brand?post=1706"},{"taxonomy":"product_cat","embeddable":true,"href":"https:\/\/www.biscottificiogrondona.com\/fr\/wp-json\/wp\/v2\/product_cat?post=1706"},{"taxonomy":"product_tag","embeddable":true,"href":"https:\/\/www.biscottificiogrondona.com\/fr\/wp-json\/wp\/v2\/product_tag?post=1706"}],"curies":[{"name":"wp","href":"https:\/\/api.w.org\/{rel}","templated":true}]}}