{"id":1707,"date":"2021-09-21T09:59:33","date_gmt":"2021-09-21T09:59:33","guid":{"rendered":"https:\/\/suleymanyilmaz.website\/?post_type=product&#038;p=1707"},"modified":"2025-04-23T12:45:20","modified_gmt":"2025-04-23T10:45:20","slug":"gocce-25g","status":"publish","type":"product","link":"https:\/\/www.biscottificiogrondona.com\/fr\/produit\/gocce-25g\/","title":{"rendered":"Dessert Gocce"},"content":{"rendered":"<p>Biscuits sabl\u00e9s aux \u00e9clats de chocolat et de noix de coco. Chaque biscuit a une forme l\u00e9g\u00e8rement irr\u00e9guli\u00e8re.<\/p>","protected":false},"excerpt":{"rendered":"<p>Les biscuits sabl\u00e9s aux \u00e9clats de chocolat et de noix de coco forment la Tonda Irregolare. Ils sont fabriqu\u00e9s \u00e0 partir de farine de bl\u00e9, de beurre et de sucre.<\/p>","protected":false},"featured_media":10371,"template":"","meta":{"_acf_changed":false},"product_brand":[],"product_cat":[29,32],"product_tag":[43,54],"class_list":{"0":"post-1707","1":"product","2":"type-product","3":"status-publish","4":"has-post-thumbnail","6":"product_cat-grondona","7":"product_cat-on-the-go","8":"product_tag-chocolate","9":"product_tag-coconut","11":"first","12":"instock","13":"taxable","14":"shipping-taxable","15":"purchasable","16":"product-type-simple"},"acf":[],"jetpack_sharing_enabled":true,"_links":{"self":[{"href":"https:\/\/www.biscottificiogrondona.com\/fr\/wp-json\/wp\/v2\/product\/1707","targetHints":{"allow":["GET"]}}],"collection":[{"href":"https:\/\/www.biscottificiogrondona.com\/fr\/wp-json\/wp\/v2\/product"}],"about":[{"href":"https:\/\/www.biscottificiogrondona.com\/fr\/wp-json\/wp\/v2\/types\/product"}],"wp:featuredmedia":[{"embeddable":true,"href":"https:\/\/www.biscottificiogrondona.com\/fr\/wp-json\/wp\/v2\/media\/10371"}],"wp:attachment":[{"href":"https:\/\/www.biscottificiogrondona.com\/fr\/wp-json\/wp\/v2\/media?parent=1707"}],"wp:term":[{"taxonomy":"product_brand","embeddable":true,"href":"https:\/\/www.biscottificiogrondona.com\/fr\/wp-json\/wp\/v2\/product_brand?post=1707"},{"taxonomy":"product_cat","embeddable":true,"href":"https:\/\/www.biscottificiogrondona.com\/fr\/wp-json\/wp\/v2\/product_cat?post=1707"},{"taxonomy":"product_tag","embeddable":true,"href":"https:\/\/www.biscottificiogrondona.com\/fr\/wp-json\/wp\/v2\/product_tag?post=1707"}],"curies":[{"name":"wp","href":"https:\/\/api.w.org\/{rel}","templated":true}]}}