{"id":1710,"date":"2021-09-21T09:59:33","date_gmt":"2021-09-21T09:59:33","guid":{"rendered":"https:\/\/suleymanyilmaz.website\/?post_type=product&#038;p=1710"},"modified":"2025-04-28T12:33:07","modified_gmt":"2025-04-28T10:33:07","slug":"pane-croccante-350g","status":"publish","type":"product","link":"https:\/\/www.biscottificiogrondona.com\/fr\/produit\/pane-croccante-350g\/","title":{"rendered":"Pane Croccante"},"content":{"rendered":"<p>Le pane croccante est en tout point une tranche de pain l\u00e9g\u00e8rement grill\u00e9e.<\/p>\n<p>L'ar\u00f4me, la digestibilit\u00e9 et le parfum de ce produit sont enti\u00e8rement dus \u00e0 l'utilisation du \"100% Grondona sourdough\" avec l'ajout d'huile d'olive extra vierge de qualit\u00e9 sup\u00e9rieure.<\/p>\n<p>Cela signifie que pendant toute la phase de transformation du levain (plus de deux jours), pas la moindre quantit\u00e9 de levure de bi\u00e8re ou d'autres produits \"starter\" contenant de la levure de bi\u00e8re n'a \u00e9t\u00e9 ajout\u00e9e, pas m\u00eame pour les nombreux rafra\u00eechissements. Il s'agit de la recette traditionnelle de Grondona.<\/p>\n<p>Ce produit s'av\u00e9rera ensuite excellent pour le petit-d\u00e9jeuner, les \"bruschette\", les canap\u00e9s, les soupes, les salades, etc.... (le pain traditionnel est presque toujours produit avec de la levure de nos jours).<\/p>\n<p>&nbsp;<\/p>","protected":false},"excerpt":{"rendered":"<p>Pain croustillant grill\u00e9 \u00e0 l'huile d'olive extra vierge.<\/p>","protected":false},"featured_media":10595,"template":"","meta":{"_acf_changed":false},"product_brand":[],"product_cat":[31,29],"product_tag":[48],"class_list":{"0":"post-1710","1":"product","2":"type-product","3":"status-publish","4":"has-post-thumbnail","6":"product_cat-pane","7":"product_cat-grondona","8":"product_tag-classic","10":"first","11":"instock","12":"taxable","13":"shipping-taxable","14":"purchasable","15":"product-type-simple"},"acf":[],"jetpack_sharing_enabled":true,"_links":{"self":[{"href":"https:\/\/www.biscottificiogrondona.com\/fr\/wp-json\/wp\/v2\/product\/1710","targetHints":{"allow":["GET"]}}],"collection":[{"href":"https:\/\/www.biscottificiogrondona.com\/fr\/wp-json\/wp\/v2\/product"}],"about":[{"href":"https:\/\/www.biscottificiogrondona.com\/fr\/wp-json\/wp\/v2\/types\/product"}],"wp:featuredmedia":[{"embeddable":true,"href":"https:\/\/www.biscottificiogrondona.com\/fr\/wp-json\/wp\/v2\/media\/10595"}],"wp:attachment":[{"href":"https:\/\/www.biscottificiogrondona.com\/fr\/wp-json\/wp\/v2\/media?parent=1710"}],"wp:term":[{"taxonomy":"product_brand","embeddable":true,"href":"https:\/\/www.biscottificiogrondona.com\/fr\/wp-json\/wp\/v2\/product_brand?post=1710"},{"taxonomy":"product_cat","embeddable":true,"href":"https:\/\/www.biscottificiogrondona.com\/fr\/wp-json\/wp\/v2\/product_cat?post=1710"},{"taxonomy":"product_tag","embeddable":true,"href":"https:\/\/www.biscottificiogrondona.com\/fr\/wp-json\/wp\/v2\/product_tag?post=1710"}],"curies":[{"name":"wp","href":"https:\/\/api.w.org\/{rel}","templated":true}]}}