{"id":1712,"date":"2021-09-21T09:59:34","date_gmt":"2021-09-21T09:59:34","guid":{"rendered":"https:\/\/suleymanyilmaz.website\/?post_type=product&#038;p=1712"},"modified":"2025-04-28T11:40:57","modified_gmt":"2025-04-28T09:40:57","slug":"canestrelli-antica-genova","status":"publish","type":"product","link":"https:\/\/www.biscottificiogrondona.com\/fr\/produit\/canestrelli-antica-genova\/","title":{"rendered":"Canestrelli Antica Genova\u00ae"},"content":{"rendered":"<p>Les Canestrelli Antica Genova\u00ae ont la forme de Grondona : la simplicit\u00e9.<\/p>\n<p>Le croustillant et la saveur du pass\u00e9 d'une simple p\u00e2te bris\u00e9e deviennent sp\u00e9ciaux gr\u00e2ce aux ingr\u00e9dients riches et naturels et au traitement long et minutieux.<\/p>\n<p>Farine s\u00e9lectionn\u00e9e, beurre frais, gousses de vanille et jus de citron fra\u00eechement press\u00e9 sont les ingr\u00e9dients naturels de cette recette traditionnelle.<\/p>\n<p>Sp\u00e9cialit\u00e9 de la p\u00e2tisserie italienne, le biscuit est sobre et attentif \u00e0 la substance, comme l'est la terre qui a berc\u00e9 ses recettes.<\/p>\n<p>C'est vous qui choisissez comment les d\u00e9guster, qu'ils soient purs dans leur texture brute ou qu'ils soient saupoudr\u00e9s de sucre glace que nous emballons dans un sac s\u00e9par\u00e9 pour la garniture.<\/p>\n<p>A d\u00e9guster sur le pouce !<\/p>","protected":false},"excerpt":{"rendered":"<p>\u00catre simple n'est pas \u00eatre ordinaire<\/p>","protected":false},"featured_media":10586,"template":"","meta":{"_acf_changed":false},"product_brand":[],"product_cat":[30,29],"product_tag":[64,49,50,52],"class_list":{"0":"post-1712","1":"product","2":"type-product","3":"status-publish","4":"has-post-thumbnail","6":"product_cat-fresh-pastries","7":"product_cat-grondona","8":"product_tag-dried-fruit","9":"product_tag-fruity","10":"product_tag-lemon","11":"product_tag-vanilla","13":"first","14":"instock","15":"taxable","16":"shipping-taxable","17":"purchasable","18":"product-type-variable"},"acf":[],"jetpack_sharing_enabled":true,"_links":{"self":[{"href":"https:\/\/www.biscottificiogrondona.com\/fr\/wp-json\/wp\/v2\/product\/1712","targetHints":{"allow":["GET"]}}],"collection":[{"href":"https:\/\/www.biscottificiogrondona.com\/fr\/wp-json\/wp\/v2\/product"}],"about":[{"href":"https:\/\/www.biscottificiogrondona.com\/fr\/wp-json\/wp\/v2\/types\/product"}],"wp:featuredmedia":[{"embeddable":true,"href":"https:\/\/www.biscottificiogrondona.com\/fr\/wp-json\/wp\/v2\/media\/10586"}],"wp:attachment":[{"href":"https:\/\/www.biscottificiogrondona.com\/fr\/wp-json\/wp\/v2\/media?parent=1712"}],"wp:term":[{"taxonomy":"product_brand","embeddable":true,"href":"https:\/\/www.biscottificiogrondona.com\/fr\/wp-json\/wp\/v2\/product_brand?post=1712"},{"taxonomy":"product_cat","embeddable":true,"href":"https:\/\/www.biscottificiogrondona.com\/fr\/wp-json\/wp\/v2\/product_cat?post=1712"},{"taxonomy":"product_tag","embeddable":true,"href":"https:\/\/www.biscottificiogrondona.com\/fr\/wp-json\/wp\/v2\/product_tag?post=1712"}],"curies":[{"name":"wp","href":"https:\/\/api.w.org\/{rel}","templated":true}]}}