{"id":1715,"date":"2021-09-21T09:59:34","date_gmt":"2021-09-21T09:59:34","guid":{"rendered":"https:\/\/suleymanyilmaz.website\/?post_type=product&#038;p=1715"},"modified":"2025-04-28T11:44:09","modified_gmt":"2025-04-28T09:44:09","slug":"cuori-mori","status":"publish","type":"product","link":"https:\/\/www.biscottificiogrondona.com\/fr\/produit\/cuori-mori\/","title":{"rendered":"Cuori Mori"},"content":{"rendered":"<p>Cuori Mori recipe embodies our jealous declaration of love for good things. Exalting the secret of a deep bond between butter and cacao.<\/p>\n<p>Le Cuori Mori est une sp\u00e9cialit\u00e9 faite de la plus d\u00e9licate des p\u00e2tes bris\u00e9es, enrichie de cacao fin et de gouttes de pur chocolat noir.<\/p>\n<p>Uniquement du pur beurre de premi\u00e8re qualit\u00e9, des farines s\u00e9lectionn\u00e9es, des p\u00e9pites de chocolat et un petit secret qui donne un parfum de cacao \u00e0 ces biscuits italiens.<\/p>\n<p>Ils sont de savoureux compagnons pour l'heure du th\u00e9 ou pour un bon petit-d\u00e9jeuner matinal.<\/p>\n<p>&nbsp;<\/p>","protected":false},"excerpt":{"rendered":"<p>Le go\u00fbt profond \u2026 du chocolat<\/p>","protected":false},"featured_media":10587,"template":"","meta":{"_acf_changed":false},"product_brand":[],"product_cat":[30,29],"product_tag":[43],"class_list":{"0":"post-1715","1":"product","2":"type-product","3":"status-publish","4":"has-post-thumbnail","6":"product_cat-fresh-pastries","7":"product_cat-grondona","8":"product_tag-chocolate","10":"first","11":"instock","12":"taxable","13":"shipping-taxable","14":"purchasable","15":"product-type-variable"},"acf":[],"jetpack_sharing_enabled":true,"_links":{"self":[{"href":"https:\/\/www.biscottificiogrondona.com\/fr\/wp-json\/wp\/v2\/product\/1715","targetHints":{"allow":["GET"]}}],"collection":[{"href":"https:\/\/www.biscottificiogrondona.com\/fr\/wp-json\/wp\/v2\/product"}],"about":[{"href":"https:\/\/www.biscottificiogrondona.com\/fr\/wp-json\/wp\/v2\/types\/product"}],"wp:featuredmedia":[{"embeddable":true,"href":"https:\/\/www.biscottificiogrondona.com\/fr\/wp-json\/wp\/v2\/media\/10587"}],"wp:attachment":[{"href":"https:\/\/www.biscottificiogrondona.com\/fr\/wp-json\/wp\/v2\/media?parent=1715"}],"wp:term":[{"taxonomy":"product_brand","embeddable":true,"href":"https:\/\/www.biscottificiogrondona.com\/fr\/wp-json\/wp\/v2\/product_brand?post=1715"},{"taxonomy":"product_cat","embeddable":true,"href":"https:\/\/www.biscottificiogrondona.com\/fr\/wp-json\/wp\/v2\/product_cat?post=1715"},{"taxonomy":"product_tag","embeddable":true,"href":"https:\/\/www.biscottificiogrondona.com\/fr\/wp-json\/wp\/v2\/product_tag?post=1715"}],"curies":[{"name":"wp","href":"https:\/\/api.w.org\/{rel}","templated":true}]}}