{"id":1720,"date":"2021-09-21T09:59:35","date_gmt":"2021-09-21T09:59:35","guid":{"rendered":"https:\/\/suleymanyilmaz.website\/?post_type=product&#038;p=1720"},"modified":"2025-10-03T18:11:40","modified_gmt":"2025-10-03T16:11:40","slug":"moretti-110g","status":"publish","type":"product","link":"https:\/\/www.biscottificiogrondona.com\/fr\/produit\/moretti-110g\/","title":{"rendered":"Moretti"},"content":{"rendered":"<p>Un baiser, mais un baiser intense. Compl\u00e9mentaire du Baci di Dama, le Moretti est compos\u00e9 d'un noyau de noisettes, recouvert de chocolat noir pur et raffin\u00e9.<\/p>\n<p>Moretti is unique recipe by Grondona, mixed with the special care in the selection of natural ingredients and processing. The only first choice is italian hazelnuts, which we buy whole and toast, peel and chop only afterward.<\/p>\n<p>De cette fa\u00e7on, nous pouvons transmettre notre passion pour la qualit\u00e9 tout au long de la cha\u00eene d'approvisionnement. De notre laboratoire, jusqu'\u00e0 votre palais.<\/p>\n<p>&nbsp;<\/p>","protected":false},"excerpt":{"rendered":"<p>Passion, noisettes et baci<\/p>","protected":false},"featured_media":10590,"template":"","meta":{"_acf_changed":false},"product_brand":[],"product_cat":[30,29],"product_tag":[43,62,47],"class_list":{"0":"post-1720","1":"product","2":"type-product","3":"status-publish","4":"has-post-thumbnail","6":"product_cat-fresh-pastries","7":"product_cat-grondona","8":"product_tag-chocolate","9":"product_tag-hazelnuts","10":"product_tag-nuts","12":"first","13":"instock","14":"taxable","15":"shipping-taxable","16":"purchasable","17":"product-type-simple"},"acf":[],"jetpack_sharing_enabled":true,"_links":{"self":[{"href":"https:\/\/www.biscottificiogrondona.com\/fr\/wp-json\/wp\/v2\/product\/1720","targetHints":{"allow":["GET"]}}],"collection":[{"href":"https:\/\/www.biscottificiogrondona.com\/fr\/wp-json\/wp\/v2\/product"}],"about":[{"href":"https:\/\/www.biscottificiogrondona.com\/fr\/wp-json\/wp\/v2\/types\/product"}],"wp:featuredmedia":[{"embeddable":true,"href":"https:\/\/www.biscottificiogrondona.com\/fr\/wp-json\/wp\/v2\/media\/10590"}],"wp:attachment":[{"href":"https:\/\/www.biscottificiogrondona.com\/fr\/wp-json\/wp\/v2\/media?parent=1720"}],"wp:term":[{"taxonomy":"product_brand","embeddable":true,"href":"https:\/\/www.biscottificiogrondona.com\/fr\/wp-json\/wp\/v2\/product_brand?post=1720"},{"taxonomy":"product_cat","embeddable":true,"href":"https:\/\/www.biscottificiogrondona.com\/fr\/wp-json\/wp\/v2\/product_cat?post=1720"},{"taxonomy":"product_tag","embeddable":true,"href":"https:\/\/www.biscottificiogrondona.com\/fr\/wp-json\/wp\/v2\/product_tag?post=1720"}],"curies":[{"name":"wp","href":"https:\/\/api.w.org\/{rel}","templated":true}]}}