{"id":4743,"date":"2021-10-11T21:43:23","date_gmt":"2021-10-11T21:43:23","guid":{"rendered":"https:\/\/grondona.online\/product\/lunette-100g\/"},"modified":"2025-04-28T11:50:02","modified_gmt":"2025-04-28T09:50:02","slug":"lunette","status":"publish","type":"product","link":"https:\/\/www.biscottificiogrondona.com\/fr\/produit\/lunette\/","title":{"rendered":"Lunette"},"content":{"rendered":"<p>\u00c0 la fin des ann\u00e9es 70, les premiers biscuits aux p\u00e9pites de chocolat sont n\u00e9s aux \u00c9tats-Unis. Les Lunette sont la recette adapt\u00e9e \u00e0 la demande des p\u00e2tisseries italiennes.<\/p>\n<p>La lunette Grondona est irr\u00e9sistible, une rencontre insolite entre la tradition authentique de la Ligurie et des saveurs fra\u00eeches qui font r\u00e9f\u00e9rence \u00e0 des lieux exotiques.<\/p>\n<p>La note de noix de coco est li\u00e9e par des gouttes de chocolat pur, et le r\u00e9sultat est une jolie petite \u00e9vasion de la routine quotidienne. Un melting-pot de saveurs dans un produit de p\u00e2tisserie qui d\u00e9passe les fronti\u00e8res du temps et de l'\u00e2ge.<\/p>\n<p>&nbsp;<\/p>\n<p>&nbsp;<\/p>","protected":false},"excerpt":{"rendered":"<p>La d\u00e9couverte s'accompagne d'une d\u00e9gustation<\/p>","protected":false},"featured_media":10588,"template":"","meta":{"_acf_changed":false},"product_brand":[],"product_cat":[30,29],"product_tag":[43,54],"class_list":{"0":"post-4743","1":"product","2":"type-product","3":"status-publish","4":"has-post-thumbnail","6":"product_cat-fresh-pastries","7":"product_cat-grondona","8":"product_tag-chocolate","9":"product_tag-coconut","11":"first","12":"instock","13":"taxable","14":"shipping-taxable","15":"purchasable","16":"product-type-variable"},"acf":[],"jetpack_sharing_enabled":true,"_links":{"self":[{"href":"https:\/\/www.biscottificiogrondona.com\/fr\/wp-json\/wp\/v2\/product\/4743","targetHints":{"allow":["GET"]}}],"collection":[{"href":"https:\/\/www.biscottificiogrondona.com\/fr\/wp-json\/wp\/v2\/product"}],"about":[{"href":"https:\/\/www.biscottificiogrondona.com\/fr\/wp-json\/wp\/v2\/types\/product"}],"wp:featuredmedia":[{"embeddable":true,"href":"https:\/\/www.biscottificiogrondona.com\/fr\/wp-json\/wp\/v2\/media\/10588"}],"wp:attachment":[{"href":"https:\/\/www.biscottificiogrondona.com\/fr\/wp-json\/wp\/v2\/media?parent=4743"}],"wp:term":[{"taxonomy":"product_brand","embeddable":true,"href":"https:\/\/www.biscottificiogrondona.com\/fr\/wp-json\/wp\/v2\/product_brand?post=4743"},{"taxonomy":"product_cat","embeddable":true,"href":"https:\/\/www.biscottificiogrondona.com\/fr\/wp-json\/wp\/v2\/product_cat?post=4743"},{"taxonomy":"product_tag","embeddable":true,"href":"https:\/\/www.biscottificiogrondona.com\/fr\/wp-json\/wp\/v2\/product_tag?post=4743"}],"curies":[{"name":"wp","href":"https:\/\/api.w.org\/{rel}","templated":true}]}}