{"id":6491,"date":"2021-12-03T13:21:10","date_gmt":"2021-12-03T13:21:10","guid":{"rendered":"https:\/\/biscottificiogrondona.com\/?post_type=product&#038;p=6491"},"modified":"2025-10-03T18:15:20","modified_gmt":"2025-10-03T16:15:20","slug":"baci-di-dama-desert-30g","status":"publish","type":"product","link":"https:\/\/www.biscottificiogrondona.com\/fr\/produit\/baci-di-dama-desert-30g\/","title":{"rendered":"Dessert Baci di Dama"},"content":{"rendered":"<p>Les Baci di dama (baisers de dame) sont n\u00e9s \u00e0 Tortona au XIXe si\u00e8cle et \u00e9taient initialement produits avec des noisettes italiennes, plus faciles \u00e0 trouver et moins ch\u00e8res que les amandes.<\/p>\n<p>Selon la l\u00e9gende, les Baci di dama (baisers de dame) sont n\u00e9s de la fantaisie d'un cuisinier de la famille de Savoie \u00e0 l'automne 1852, apr\u00e8s que Vittorio Emanuele II lui ait demand\u00e9 de go\u00fbter une nouvelle friandise. Le produit a \u00e9t\u00e9 approuv\u00e9 et, depuis lors, il a \u00e9t\u00e9 servi sur les tables royales d'Italie et d'Europe.<\/p>\n<p>Les noisettes du Pi\u00e9mont et le chocolat fondant le plus pur sont les principaux ingr\u00e9dients naturels.<\/p>\n<p>Les noisettes produisent une p\u00e2te riche, cuite en deux coquilles parfum\u00e9es de p\u00e2te fine.<\/p>\n<p>Le chocolat fondant unit les deux moiti\u00e9s dans un mariage de go\u00fbt que la l\u00e9gende pr\u00e9tend \u00eatre d'origine royale.<\/p>\n<p>Grondona carefully selects the finest whole \u201cTonda Gentile\u201d hazelnuts from italy.<\/p>\n<p>Les baci di dama sont ensuite r\u00f4tis, \u00e9pluch\u00e9s et moulus imm\u00e9diatement avant la pr\u00e9paration du levain, afin de s'assurer qu'aucune des saveurs ne se perde et que chaque bouch\u00e9e soit une exp\u00e9rience intense.<\/p>\n<p>Dans chaque \"Bacio\", il y a un grand amour.<\/p>\n<p>A d\u00e9guster sur le pouce !<\/p>","protected":false},"excerpt":{"rendered":"<p>Deux protagonistes pour une romance<\/p>","protected":false},"featured_media":10372,"template":"","meta":{"_acf_changed":false},"product_brand":[],"product_cat":[29,32],"product_tag":[43,62,47],"class_list":{"0":"post-6491","1":"product","2":"type-product","3":"status-publish","4":"has-post-thumbnail","6":"product_cat-grondona","7":"product_cat-on-the-go","8":"product_tag-chocolate","9":"product_tag-hazelnuts","10":"product_tag-nuts","12":"first","13":"instock","14":"taxable","15":"shipping-taxable","16":"purchasable","17":"product-type-simple"},"acf":[],"jetpack_sharing_enabled":true,"_links":{"self":[{"href":"https:\/\/www.biscottificiogrondona.com\/fr\/wp-json\/wp\/v2\/product\/6491","targetHints":{"allow":["GET"]}}],"collection":[{"href":"https:\/\/www.biscottificiogrondona.com\/fr\/wp-json\/wp\/v2\/product"}],"about":[{"href":"https:\/\/www.biscottificiogrondona.com\/fr\/wp-json\/wp\/v2\/types\/product"}],"wp:featuredmedia":[{"embeddable":true,"href":"https:\/\/www.biscottificiogrondona.com\/fr\/wp-json\/wp\/v2\/media\/10372"}],"wp:attachment":[{"href":"https:\/\/www.biscottificiogrondona.com\/fr\/wp-json\/wp\/v2\/media?parent=6491"}],"wp:term":[{"taxonomy":"product_brand","embeddable":true,"href":"https:\/\/www.biscottificiogrondona.com\/fr\/wp-json\/wp\/v2\/product_brand?post=6491"},{"taxonomy":"product_cat","embeddable":true,"href":"https:\/\/www.biscottificiogrondona.com\/fr\/wp-json\/wp\/v2\/product_cat?post=6491"},{"taxonomy":"product_tag","embeddable":true,"href":"https:\/\/www.biscottificiogrondona.com\/fr\/wp-json\/wp\/v2\/product_tag?post=6491"}],"curies":[{"name":"wp","href":"https:\/\/api.w.org\/{rel}","templated":true}]}}