{"id":6499,"date":"2021-12-03T13:21:28","date_gmt":"2021-12-03T13:21:28","guid":{"rendered":"https:\/\/biscottificiogrondona.com\/?post_type=product&#038;p=6499"},"modified":"2025-04-29T13:00:02","modified_gmt":"2025-04-29T11:00:02","slug":"pandolcini-antica-genova-dessert-50g","status":"publish","type":"product","link":"https:\/\/www.biscottificiogrondona.com\/fr\/produit\/pandolcini-antica-genova-dessert-50g\/","title":{"rendered":"Pandolcini Antica Genova\u00ae Dessert"},"content":{"rendered":"<p>Le pandolce genovese, souvent appel\u00e9 aussi panettone genovese, est une friandise courante pendant la p\u00e9riode de No\u00ebl. Selon l'ancienne tradition, il \u00e9tait apport\u00e9 \u00e0 table par le plus jeune de la maison, servi avec une branche de laurier au milieu, symbole de chance et de bien-\u00eatre. Inspir\u00e9 par le Pandolce Antica Genova\u00ae, cette p\u00e2tisserie traditionnelle change de robe et devient informelle dans un format unipersonnel, dans une forme plus petite appel\u00e9e le Pandolcino Antica Genova.<\/p>\n<p>Grondona a recr\u00e9\u00e9 la m\u00eame recette traditionnelle, la p\u00e2tisserie naturelle de la Ligurie, si parfum\u00e9e et friable. Enrichie de raisins secs, de fruits confits et de pignons de pin, avec le soin de la famille dans la production.<\/p>\n<p>Il y a toujours un moment pour se faire plaisir : une pause au bureau, \u00e0 l'\u00e9cole, \u00e0 la salle de sport ou en d\u00e9placement.<\/p>\n<p>&nbsp;<\/p>","protected":false},"excerpt":{"rendered":"<p>La forme change. Nous c\u00e9l\u00e9brons le contenu.<\/p>","protected":false},"featured_media":10613,"template":"","meta":{"_acf_changed":false},"product_brand":[],"product_cat":[29,32],"product_tag":[64,49,47,53,59,51],"class_list":{"0":"post-6499","1":"product","2":"type-product","3":"status-publish","4":"has-post-thumbnail","6":"product_cat-grondona","7":"product_cat-on-the-go","8":"product_tag-dried-fruit","9":"product_tag-fruity","10":"product_tag-nuts","11":"product_tag-oranges","12":"product_tag-pine-nuts","13":"product_tag-raisins","15":"first","16":"instock","17":"taxable","18":"shipping-taxable","19":"purchasable","20":"product-type-simple"},"acf":[],"jetpack_sharing_enabled":true,"_links":{"self":[{"href":"https:\/\/www.biscottificiogrondona.com\/fr\/wp-json\/wp\/v2\/product\/6499","targetHints":{"allow":["GET"]}}],"collection":[{"href":"https:\/\/www.biscottificiogrondona.com\/fr\/wp-json\/wp\/v2\/product"}],"about":[{"href":"https:\/\/www.biscottificiogrondona.com\/fr\/wp-json\/wp\/v2\/types\/product"}],"wp:featuredmedia":[{"embeddable":true,"href":"https:\/\/www.biscottificiogrondona.com\/fr\/wp-json\/wp\/v2\/media\/10613"}],"wp:attachment":[{"href":"https:\/\/www.biscottificiogrondona.com\/fr\/wp-json\/wp\/v2\/media?parent=6499"}],"wp:term":[{"taxonomy":"product_brand","embeddable":true,"href":"https:\/\/www.biscottificiogrondona.com\/fr\/wp-json\/wp\/v2\/product_brand?post=6499"},{"taxonomy":"product_cat","embeddable":true,"href":"https:\/\/www.biscottificiogrondona.com\/fr\/wp-json\/wp\/v2\/product_cat?post=6499"},{"taxonomy":"product_tag","embeddable":true,"href":"https:\/\/www.biscottificiogrondona.com\/fr\/wp-json\/wp\/v2\/product_tag?post=6499"}],"curies":[{"name":"wp","href":"https:\/\/api.w.org\/{rel}","templated":true}]}}