{"id":7537,"date":"2022-02-19T02:39:58","date_gmt":"2022-02-19T02:39:58","guid":{"rendered":"https:\/\/staging.biscottificiogrondona.com\/?post_type=product&#038;p=7537"},"modified":"2024-11-04T12:15:09","modified_gmt":"2024-11-04T12:15:09","slug":"thee-classico-100g-x-12-pcs","status":"publish","type":"product","link":"https:\/\/www.biscottificiogrondona.com\/fr\/produit\/thee-classico-100g-x-12-pcs\/","title":{"rendered":"Le Classique"},"content":{"rendered":"<p>&nbsp;<\/p>\n<p>Cet \u00e9tui assorti (100 g x 12 pi\u00e8ces) est une \u00e9vidence : il contient tout ce dont vous avez besoin et envie : 3 pi\u00e8ces de Canestrelli, 3 pi\u00e8ces de Pandolcini, 3 pi\u00e8ces de Lunette et 3 pi\u00e8ces de Cuori Mori. Pas besoin de choisir entre les p\u00e9pites de chocolat, les fruits confits, le sucre en poudre ou le cacao, car vous aurez tout cela r\u00e9uni.<\/p>","protected":false},"excerpt":{"rendered":"<p>Les classiques sont \u00e9ternels<\/p>","protected":false},"featured_media":10216,"template":"","meta":{"_acf_changed":false},"product_brand":[],"product_cat":[88],"product_tag":[],"class_list":{"0":"post-7537","1":"product","2":"type-product","3":"status-publish","4":"has-post-thumbnail","6":"product_cat-griglia-pasticceria-100g","8":"first","9":"instock","10":"taxable","11":"shipping-taxable","12":"purchasable","13":"product-type-variable"},"acf":[],"jetpack_sharing_enabled":true,"_links":{"self":[{"href":"https:\/\/www.biscottificiogrondona.com\/fr\/wp-json\/wp\/v2\/product\/7537","targetHints":{"allow":["GET"]}}],"collection":[{"href":"https:\/\/www.biscottificiogrondona.com\/fr\/wp-json\/wp\/v2\/product"}],"about":[{"href":"https:\/\/www.biscottificiogrondona.com\/fr\/wp-json\/wp\/v2\/types\/product"}],"wp:featuredmedia":[{"embeddable":true,"href":"https:\/\/www.biscottificiogrondona.com\/fr\/wp-json\/wp\/v2\/media\/10216"}],"wp:attachment":[{"href":"https:\/\/www.biscottificiogrondona.com\/fr\/wp-json\/wp\/v2\/media?parent=7537"}],"wp:term":[{"taxonomy":"product_brand","embeddable":true,"href":"https:\/\/www.biscottificiogrondona.com\/fr\/wp-json\/wp\/v2\/product_brand?post=7537"},{"taxonomy":"product_cat","embeddable":true,"href":"https:\/\/www.biscottificiogrondona.com\/fr\/wp-json\/wp\/v2\/product_cat?post=7537"},{"taxonomy":"product_tag","embeddable":true,"href":"https:\/\/www.biscottificiogrondona.com\/fr\/wp-json\/wp\/v2\/product_tag?post=7537"}],"curies":[{"name":"wp","href":"https:\/\/api.w.org\/{rel}","templated":true}]}}