{"id":7544,"date":"2022-02-19T02:58:22","date_gmt":"2022-02-19T02:58:22","guid":{"rendered":"https:\/\/staging.biscottificiogrondona.com\/?post_type=product&#038;p=7544"},"modified":"2024-11-04T12:10:46","modified_gmt":"2024-11-04T12:10:46","slug":"inspiration-100g-x-12-pcs","status":"publish","type":"product","link":"https:\/\/www.biscottificiogrondona.com\/fr\/produit\/inspiration-100g-x-12-pcs\/","title":{"rendered":"Inspiration"},"content":{"rendered":"<p>Laissez-vous inspirer par un large \u00e9ventail de l'artisanat italien avec cet \u00e9tui assorti (100 g x 12 pi\u00e8ces) compos\u00e9 de 4 pi\u00e8ces de Cuori Mori, 4 pi\u00e8ces de Cantucci, et 4 pi\u00e8ces de Baci di Dama. Sans aucun doute, vous trouverez dans cet \u00e9tui un biscuit pr\u00e9f\u00e9r\u00e9 pour chacun.<\/p>","protected":false},"excerpt":{"rendered":"<p>Savoir-faire traditionnel<\/p>","protected":false},"featured_media":8522,"template":"","meta":{"_acf_changed":false},"product_brand":[],"product_cat":[88],"product_tag":[],"class_list":{"0":"post-7544","1":"product","2":"type-product","3":"status-publish","4":"has-post-thumbnail","6":"product_cat-griglia-pasticceria-100g","8":"first","9":"instock","10":"taxable","11":"shipping-taxable","12":"purchasable","13":"product-type-variable"},"acf":[],"jetpack_sharing_enabled":true,"_links":{"self":[{"href":"https:\/\/www.biscottificiogrondona.com\/fr\/wp-json\/wp\/v2\/product\/7544","targetHints":{"allow":["GET"]}}],"collection":[{"href":"https:\/\/www.biscottificiogrondona.com\/fr\/wp-json\/wp\/v2\/product"}],"about":[{"href":"https:\/\/www.biscottificiogrondona.com\/fr\/wp-json\/wp\/v2\/types\/product"}],"wp:featuredmedia":[{"embeddable":true,"href":"https:\/\/www.biscottificiogrondona.com\/fr\/wp-json\/wp\/v2\/media\/8522"}],"wp:attachment":[{"href":"https:\/\/www.biscottificiogrondona.com\/fr\/wp-json\/wp\/v2\/media?parent=7544"}],"wp:term":[{"taxonomy":"product_brand","embeddable":true,"href":"https:\/\/www.biscottificiogrondona.com\/fr\/wp-json\/wp\/v2\/product_brand?post=7544"},{"taxonomy":"product_cat","embeddable":true,"href":"https:\/\/www.biscottificiogrondona.com\/fr\/wp-json\/wp\/v2\/product_cat?post=7544"},{"taxonomy":"product_tag","embeddable":true,"href":"https:\/\/www.biscottificiogrondona.com\/fr\/wp-json\/wp\/v2\/product_tag?post=7544"}],"curies":[{"name":"wp","href":"https:\/\/api.w.org\/{rel}","templated":true}]}}