{"id":7550,"date":"2022-02-19T03:33:37","date_gmt":"2022-02-19T03:33:37","guid":{"rendered":"https:\/\/staging.biscottificiogrondona.com\/?post_type=product&#038;p=7550"},"modified":"2025-04-13T10:28:57","modified_gmt":"2025-04-13T10:28:57","slug":"barista-100g-x-12-pcs","status":"publish","type":"product","link":"https:\/\/www.biscottificiogrondona.com\/fr\/produit\/barista-100g-x-12-pcs\/","title":{"rendered":"Barista"},"content":{"rendered":"<p>Amateurs de caf\u00e9, ne cherchez plus ! R\u00e9veillez le \"Barista\" qui sommeille en vous avec cet assortiment (100 g x 12 pi\u00e8ces) compos\u00e9 de 4 pi\u00e8ces de Canestrelli, 4 pi\u00e8ces de Pandolcini et 4 pi\u00e8ces de Baci di Dama. De la douce simplicit\u00e9 sur le chocolat aux fruits confits, \u00e0 vous de m\u00e9langer et d'assortir ces d\u00e9lices avec votre caf\u00e9 pr\u00e9f\u00e9r\u00e9.<\/p>","protected":false},"excerpt":{"rendered":"<p>Pour accompagner votre caf\u00e9<\/p>","protected":false},"featured_media":10215,"template":"","meta":{"_acf_changed":false},"product_brand":[],"product_cat":[88],"product_tag":[],"class_list":{"0":"post-7550","1":"product","2":"type-product","3":"status-publish","4":"has-post-thumbnail","6":"product_cat-griglia-pasticceria-100g","8":"first","9":"instock","10":"taxable","11":"shipping-taxable","12":"purchasable","13":"product-type-variable"},"acf":[],"jetpack_sharing_enabled":true,"_links":{"self":[{"href":"https:\/\/www.biscottificiogrondona.com\/fr\/wp-json\/wp\/v2\/product\/7550","targetHints":{"allow":["GET"]}}],"collection":[{"href":"https:\/\/www.biscottificiogrondona.com\/fr\/wp-json\/wp\/v2\/product"}],"about":[{"href":"https:\/\/www.biscottificiogrondona.com\/fr\/wp-json\/wp\/v2\/types\/product"}],"wp:featuredmedia":[{"embeddable":true,"href":"https:\/\/www.biscottificiogrondona.com\/fr\/wp-json\/wp\/v2\/media\/10215"}],"wp:attachment":[{"href":"https:\/\/www.biscottificiogrondona.com\/fr\/wp-json\/wp\/v2\/media?parent=7550"}],"wp:term":[{"taxonomy":"product_brand","embeddable":true,"href":"https:\/\/www.biscottificiogrondona.com\/fr\/wp-json\/wp\/v2\/product_brand?post=7550"},{"taxonomy":"product_cat","embeddable":true,"href":"https:\/\/www.biscottificiogrondona.com\/fr\/wp-json\/wp\/v2\/product_cat?post=7550"},{"taxonomy":"product_tag","embeddable":true,"href":"https:\/\/www.biscottificiogrondona.com\/fr\/wp-json\/wp\/v2\/product_tag?post=7550"}],"curies":[{"name":"wp","href":"https:\/\/api.w.org\/{rel}","templated":true}]}}