{"id":7555,"date":"2022-02-19T03:39:41","date_gmt":"2022-02-19T03:39:41","guid":{"rendered":"https:\/\/staging.biscottificiogrondona.com\/?post_type=product&#038;p=7555"},"modified":"2024-11-14T03:44:20","modified_gmt":"2024-11-14T03:44:20","slug":"chocoline-100g-x-12-pcs","status":"publish","type":"product","link":"https:\/\/www.biscottificiogrondona.com\/fr\/produit\/chocoline-100g-x-12-pcs\/","title":{"rendered":"Chocoline"},"content":{"rendered":"<p>Pour les amateurs de chocolat, ce m\u00e9nage \u00e0 trois est l'ultime fantaisie. Chocoline\" est un \u00e9tui assorti (100 g x 12 pi\u00e8ces) compos\u00e9 de 4 pi\u00e8ces de Cuori Mori, 4 pi\u00e8ces de Lunette et 4 pi\u00e8ces de Moretti. Trois fois plus de chocolat pour ceux qui ne peuvent pas passer une journ\u00e9e sans leur dose de chocolat.<\/p>","protected":false},"excerpt":{"rendered":"<p>Pour vos envies de chocolat<\/p>","protected":false},"featured_media":10214,"template":"","meta":{"_acf_changed":false},"product_brand":[],"product_cat":[88],"product_tag":[],"class_list":{"0":"post-7555","1":"product","2":"type-product","3":"status-publish","4":"has-post-thumbnail","6":"product_cat-griglia-pasticceria-100g","8":"first","9":"instock","10":"taxable","11":"shipping-taxable","12":"purchasable","13":"product-type-variable"},"acf":[],"jetpack_sharing_enabled":true,"_links":{"self":[{"href":"https:\/\/www.biscottificiogrondona.com\/fr\/wp-json\/wp\/v2\/product\/7555","targetHints":{"allow":["GET"]}}],"collection":[{"href":"https:\/\/www.biscottificiogrondona.com\/fr\/wp-json\/wp\/v2\/product"}],"about":[{"href":"https:\/\/www.biscottificiogrondona.com\/fr\/wp-json\/wp\/v2\/types\/product"}],"wp:featuredmedia":[{"embeddable":true,"href":"https:\/\/www.biscottificiogrondona.com\/fr\/wp-json\/wp\/v2\/media\/10214"}],"wp:attachment":[{"href":"https:\/\/www.biscottificiogrondona.com\/fr\/wp-json\/wp\/v2\/media?parent=7555"}],"wp:term":[{"taxonomy":"product_brand","embeddable":true,"href":"https:\/\/www.biscottificiogrondona.com\/fr\/wp-json\/wp\/v2\/product_brand?post=7555"},{"taxonomy":"product_cat","embeddable":true,"href":"https:\/\/www.biscottificiogrondona.com\/fr\/wp-json\/wp\/v2\/product_cat?post=7555"},{"taxonomy":"product_tag","embeddable":true,"href":"https:\/\/www.biscottificiogrondona.com\/fr\/wp-json\/wp\/v2\/product_tag?post=7555"}],"curies":[{"name":"wp","href":"https:\/\/api.w.org\/{rel}","templated":true}]}}