{"id":7560,"date":"2022-02-19T03:42:32","date_gmt":"2022-02-19T03:42:32","guid":{"rendered":"https:\/\/staging.biscottificiogrondona.com\/?post_type=product&#038;p=7560"},"modified":"2024-11-09T19:08:26","modified_gmt":"2024-11-09T19:08:26","slug":"after-dinner-100g-x-12-pcs","status":"publish","type":"product","link":"https:\/\/www.biscottificiogrondona.com\/fr\/produit\/after-dinner-100g-x-12-pcs\/","title":{"rendered":"Apr\u00e8s le d\u00eener"},"content":{"rendered":"<p>Qu'y a-t-il dans un nom ? After Dinner\" est une bo\u00eete assortie (100 g x 12 pi\u00e8ces) compos\u00e9e de 6 pi\u00e8ces de Cantuccini et de 6 pi\u00e8ces de Pandolcini. La simplicit\u00e9 du plus pur des biscuits avec l'ajout luxueux d'amandes, de raisins secs, de fruits confits et de pignons : c'est l'excuse parfaite pour faire une pause suppl\u00e9mentaire dans l'apr\u00e8s-midi.<\/p>","protected":false},"excerpt":{"rendered":"<p>Terminez votre journ\u00e9e en beaut\u00e9<\/p>","protected":false},"featured_media":8002,"template":"","meta":{"_acf_changed":false},"product_brand":[],"product_cat":[88],"product_tag":[],"class_list":{"0":"post-7560","1":"product","2":"type-product","3":"status-publish","4":"has-post-thumbnail","6":"product_cat-griglia-pasticceria-100g","8":"first","9":"instock","10":"taxable","11":"shipping-taxable","12":"purchasable","13":"product-type-variable"},"acf":[],"jetpack_sharing_enabled":true,"_links":{"self":[{"href":"https:\/\/www.biscottificiogrondona.com\/fr\/wp-json\/wp\/v2\/product\/7560","targetHints":{"allow":["GET"]}}],"collection":[{"href":"https:\/\/www.biscottificiogrondona.com\/fr\/wp-json\/wp\/v2\/product"}],"about":[{"href":"https:\/\/www.biscottificiogrondona.com\/fr\/wp-json\/wp\/v2\/types\/product"}],"wp:featuredmedia":[{"embeddable":true,"href":"https:\/\/www.biscottificiogrondona.com\/fr\/wp-json\/wp\/v2\/media\/8002"}],"wp:attachment":[{"href":"https:\/\/www.biscottificiogrondona.com\/fr\/wp-json\/wp\/v2\/media?parent=7560"}],"wp:term":[{"taxonomy":"product_brand","embeddable":true,"href":"https:\/\/www.biscottificiogrondona.com\/fr\/wp-json\/wp\/v2\/product_brand?post=7560"},{"taxonomy":"product_cat","embeddable":true,"href":"https:\/\/www.biscottificiogrondona.com\/fr\/wp-json\/wp\/v2\/product_cat?post=7560"},{"taxonomy":"product_tag","embeddable":true,"href":"https:\/\/www.biscottificiogrondona.com\/fr\/wp-json\/wp\/v2\/product_tag?post=7560"}],"curies":[{"name":"wp","href":"https:\/\/api.w.org\/{rel}","templated":true}]}}