{"id":7565,"date":"2022-02-19T03:46:33","date_gmt":"2022-02-19T03:46:33","guid":{"rendered":"https:\/\/staging.biscottificiogrondona.com\/?post_type=product&#038;p=7565"},"modified":"2024-11-09T19:09:41","modified_gmt":"2024-11-09T19:09:41","slug":"blackwhite","status":"publish","type":"product","link":"https:\/\/www.biscottificiogrondona.com\/fr\/produit\/blackwhite\/","title":{"rendered":"Noir et blanc"},"content":{"rendered":"<p>La plupart des choses dans la vie ne sont pas \"noir et blanc\", mais ce pack l'est d\u00e9finitivement ! Compos\u00e9 de Canestrellini au beurre (1 pr\u00e9sentoir X 30 pcs) et de Canestrellini au cacao (1 pr\u00e9sentoir X 30 pcs), vous devrez faire ce choix 60 fois : noir ou blanc ? De toute fa\u00e7on, les deux sont aussi d\u00e9licieux l'un que l'autre !<\/p>","protected":false},"excerpt":{"rendered":"<p>Tradition et modernit\u00e9<\/p>","protected":false},"featured_media":8517,"template":"","meta":{"_acf_changed":false},"product_brand":[],"product_cat":[89],"product_tag":[],"class_list":{"0":"post-7565","1":"product","2":"type-product","3":"status-publish","4":"has-post-thumbnail","6":"product_cat-vending-bar","8":"first","9":"instock","10":"taxable","11":"shipping-taxable","12":"purchasable","13":"product-type-variable"},"acf":[],"jetpack_sharing_enabled":true,"_links":{"self":[{"href":"https:\/\/www.biscottificiogrondona.com\/fr\/wp-json\/wp\/v2\/product\/7565","targetHints":{"allow":["GET"]}}],"collection":[{"href":"https:\/\/www.biscottificiogrondona.com\/fr\/wp-json\/wp\/v2\/product"}],"about":[{"href":"https:\/\/www.biscottificiogrondona.com\/fr\/wp-json\/wp\/v2\/types\/product"}],"wp:featuredmedia":[{"embeddable":true,"href":"https:\/\/www.biscottificiogrondona.com\/fr\/wp-json\/wp\/v2\/media\/8517"}],"wp:attachment":[{"href":"https:\/\/www.biscottificiogrondona.com\/fr\/wp-json\/wp\/v2\/media?parent=7565"}],"wp:term":[{"taxonomy":"product_brand","embeddable":true,"href":"https:\/\/www.biscottificiogrondona.com\/fr\/wp-json\/wp\/v2\/product_brand?post=7565"},{"taxonomy":"product_cat","embeddable":true,"href":"https:\/\/www.biscottificiogrondona.com\/fr\/wp-json\/wp\/v2\/product_cat?post=7565"},{"taxonomy":"product_tag","embeddable":true,"href":"https:\/\/www.biscottificiogrondona.com\/fr\/wp-json\/wp\/v2\/product_tag?post=7565"}],"curies":[{"name":"wp","href":"https:\/\/api.w.org\/{rel}","templated":true}]}}