{"id":7569,"date":"2022-02-19T03:49:49","date_gmt":"2022-02-19T03:49:49","guid":{"rendered":"https:\/\/staging.biscottificiogrondona.com\/?post_type=product&#038;p=7569"},"modified":"2024-11-04T12:10:31","modified_gmt":"2024-11-04T12:10:31","slug":"healthy","status":"publish","type":"product","link":"https:\/\/www.biscottificiogrondona.com\/fr\/produit\/healthy\/","title":{"rendered":"Sant\u00e9"},"content":{"rendered":"<p>Ne manquez pas cette offre saine : 2 pr\u00e9sentoirs de 30 pi\u00e8ces des choix les plus sains de notre offre, compos\u00e9s de Biscottini Senza Zuccheri (1 pr\u00e9sentoir x 30 pi\u00e8ces) et Biscottini Integrale (1 pr\u00e9sentoir x 30 pi\u00e8ces). Savourez vos biscuits pr\u00e9f\u00e9r\u00e9s sans avoir \u00e0 vous sentir coupable !<\/p>","protected":false},"excerpt":{"rendered":"<p>Simple, l\u00e9ger, d\u00e9licieux<\/p>","protected":false},"featured_media":8521,"template":"","meta":{"_acf_changed":false},"product_brand":[],"product_cat":[89],"product_tag":[],"class_list":{"0":"post-7569","1":"product","2":"type-product","3":"status-publish","4":"has-post-thumbnail","6":"product_cat-vending-bar","8":"first","9":"instock","10":"taxable","11":"shipping-taxable","12":"purchasable","13":"product-type-variable"},"acf":[],"jetpack_sharing_enabled":true,"_links":{"self":[{"href":"https:\/\/www.biscottificiogrondona.com\/fr\/wp-json\/wp\/v2\/product\/7569","targetHints":{"allow":["GET"]}}],"collection":[{"href":"https:\/\/www.biscottificiogrondona.com\/fr\/wp-json\/wp\/v2\/product"}],"about":[{"href":"https:\/\/www.biscottificiogrondona.com\/fr\/wp-json\/wp\/v2\/types\/product"}],"wp:featuredmedia":[{"embeddable":true,"href":"https:\/\/www.biscottificiogrondona.com\/fr\/wp-json\/wp\/v2\/media\/8521"}],"wp:attachment":[{"href":"https:\/\/www.biscottificiogrondona.com\/fr\/wp-json\/wp\/v2\/media?parent=7569"}],"wp:term":[{"taxonomy":"product_brand","embeddable":true,"href":"https:\/\/www.biscottificiogrondona.com\/fr\/wp-json\/wp\/v2\/product_brand?post=7569"},{"taxonomy":"product_cat","embeddable":true,"href":"https:\/\/www.biscottificiogrondona.com\/fr\/wp-json\/wp\/v2\/product_cat?post=7569"},{"taxonomy":"product_tag","embeddable":true,"href":"https:\/\/www.biscottificiogrondona.com\/fr\/wp-json\/wp\/v2\/product_tag?post=7569"}],"curies":[{"name":"wp","href":"https:\/\/api.w.org\/{rel}","templated":true}]}}