{"id":7573,"date":"2022-02-19T03:52:32","date_gmt":"2022-02-19T03:52:32","guid":{"rendered":"https:\/\/staging.biscottificiogrondona.com\/?post_type=product&#038;p=7573"},"modified":"2024-11-04T12:14:38","modified_gmt":"2024-11-04T12:14:38","slug":"sansation","status":"publish","type":"product","link":"https:\/\/www.biscottificiogrondona.com\/fr\/produit\/sansation\/","title":{"rendered":"Sensation"},"content":{"rendered":"<p>Pour ceux qui veulent plus que les basiques, il y a cette double offre sensationnelle : 2 pr\u00e9sentoirs de BOCCINI (1 pr\u00e9sentoir X 30 pcs) et GOCCE (1 pr\u00e9sentoir X 30 pcs). Ces d\u00e9licieux biscuits sabl\u00e9s sont accompagn\u00e9s de copeaux de chocolat et de noix de coco ou de raisins secs sultana et de pignons de pin. Choisissez votre sensation !<\/p>","protected":false},"excerpt":{"rendered":"<p>Plus que l'essentiel<\/p>","protected":false},"featured_media":8523,"template":"","meta":{"_acf_changed":false},"product_brand":[],"product_cat":[89],"product_tag":[],"class_list":{"0":"post-7573","1":"product","2":"type-product","3":"status-publish","4":"has-post-thumbnail","6":"product_cat-vending-bar","8":"first","9":"instock","10":"taxable","11":"shipping-taxable","12":"purchasable","13":"product-type-variable"},"acf":[],"jetpack_sharing_enabled":true,"_links":{"self":[{"href":"https:\/\/www.biscottificiogrondona.com\/fr\/wp-json\/wp\/v2\/product\/7573","targetHints":{"allow":["GET"]}}],"collection":[{"href":"https:\/\/www.biscottificiogrondona.com\/fr\/wp-json\/wp\/v2\/product"}],"about":[{"href":"https:\/\/www.biscottificiogrondona.com\/fr\/wp-json\/wp\/v2\/types\/product"}],"wp:featuredmedia":[{"embeddable":true,"href":"https:\/\/www.biscottificiogrondona.com\/fr\/wp-json\/wp\/v2\/media\/8523"}],"wp:attachment":[{"href":"https:\/\/www.biscottificiogrondona.com\/fr\/wp-json\/wp\/v2\/media?parent=7573"}],"wp:term":[{"taxonomy":"product_brand","embeddable":true,"href":"https:\/\/www.biscottificiogrondona.com\/fr\/wp-json\/wp\/v2\/product_brand?post=7573"},{"taxonomy":"product_cat","embeddable":true,"href":"https:\/\/www.biscottificiogrondona.com\/fr\/wp-json\/wp\/v2\/product_cat?post=7573"},{"taxonomy":"product_tag","embeddable":true,"href":"https:\/\/www.biscottificiogrondona.com\/fr\/wp-json\/wp\/v2\/product_tag?post=7573"}],"curies":[{"name":"wp","href":"https:\/\/api.w.org\/{rel}","templated":true}]}}