{"id":10384,"date":"2025-04-23T14:34:29","date_gmt":"2025-04-23T12:34:29","guid":{"rendered":"https:\/\/www.biscottificiogrondona.com\/?post_type=product&#038;p=10384"},"modified":"2025-04-30T16:29:31","modified_gmt":"2025-04-30T14:29:31","slug":"boccini-dessert","status":"publish","type":"product","link":"https:\/\/www.biscottificiogrondona.com\/it\/prodotto\/boccini-dessert\/","title":{"rendered":"Boccini Dessert"},"content":{"rendered":"<div class=\"elementor-element elementor-element-66c708d elementor-widget elementor-widget-porto_cp_description\" data-id=\"66c708d\" data-element_type=\"widget\" data-widget_type=\"porto_cp_description.default\">\n<div class=\"elementor-widget-container\">\n<p>I boccini, la versione mignon del Pandolcino Antica Genova<\/p>\n<p>Ogni Boccino \u00e8 una piccola chicca dalla doratura perfetta, simile a una pepita d\u2019oro impreziosita dalle sfumature brune dell\u2019uvetta. Un gioiello fragrante che conquista ogni assaggiatore, riportando alla mente i dolci della nonna, ispirati a ricette d\u2019altri tempi. Questo piccolo capolavo di pasticceria all\u2019interno custodisce tutte le sfumature aromatiche dei suoi ingredienti che si possono distingure alla perfezione.<\/p>\n<p>Al naso, si sprigiona un\u2019esplosione di profumi delicati e raffinati grazie alle note agrumate e naturalmentedolci della scorza di arancia candita e dell\u2019uvetta sultanina. Questa piccola prelibatezza \u00e8 presentata nel formato da monodose da 25 gr, perfetto per essere gustato in qualsiasi momento. Ideale da condividere con amici e parenti, \u00e8 un piacere che si adatta a tutte le et\u00e0. Dopo averne assaggiato uno, \u00e8 impossibile resistere alla tentazione di prenderne ancora.<\/p>\n<\/div>\n<\/div>\n<p>&nbsp;<\/p>\n<p>&nbsp;<\/p>","protected":false},"excerpt":{"rendered":"<p>La versione mignon del Pandolcino Antica Genova<\/p>","protected":false},"featured_media":10386,"template":"","meta":{"_acf_changed":false},"product_brand":[],"product_cat":[32,29],"product_tag":[64,49,50,52],"class_list":{"0":"post-10384","1":"product","2":"type-product","3":"status-publish","4":"has-post-thumbnail","6":"product_cat-on-the-go","7":"product_cat-grondona","8":"product_tag-dried-fruit","9":"product_tag-fruity","10":"product_tag-lemon","11":"product_tag-vanilla","13":"first","14":"instock","15":"taxable","16":"shipping-taxable","17":"purchasable","18":"product-type-simple"},"acf":[],"jetpack_sharing_enabled":true,"_links":{"self":[{"href":"https:\/\/www.biscottificiogrondona.com\/it\/wp-json\/wp\/v2\/product\/10384","targetHints":{"allow":["GET"]}}],"collection":[{"href":"https:\/\/www.biscottificiogrondona.com\/it\/wp-json\/wp\/v2\/product"}],"about":[{"href":"https:\/\/www.biscottificiogrondona.com\/it\/wp-json\/wp\/v2\/types\/product"}],"wp:featuredmedia":[{"embeddable":true,"href":"https:\/\/www.biscottificiogrondona.com\/it\/wp-json\/wp\/v2\/media\/10386"}],"wp:attachment":[{"href":"https:\/\/www.biscottificiogrondona.com\/it\/wp-json\/wp\/v2\/media?parent=10384"}],"wp:term":[{"taxonomy":"product_brand","embeddable":true,"href":"https:\/\/www.biscottificiogrondona.com\/it\/wp-json\/wp\/v2\/product_brand?post=10384"},{"taxonomy":"product_cat","embeddable":true,"href":"https:\/\/www.biscottificiogrondona.com\/it\/wp-json\/wp\/v2\/product_cat?post=10384"},{"taxonomy":"product_tag","embeddable":true,"href":"https:\/\/www.biscottificiogrondona.com\/it\/wp-json\/wp\/v2\/product_tag?post=10384"}],"curies":[{"name":"wp","href":"https:\/\/api.w.org\/{rel}","templated":true}]}}