{"id":1710,"date":"2021-09-21T09:59:33","date_gmt":"2021-09-21T09:59:33","guid":{"rendered":"https:\/\/suleymanyilmaz.website\/?post_type=product&#038;p=1710"},"modified":"2025-04-28T12:33:07","modified_gmt":"2025-04-28T10:33:07","slug":"pane-croccante-350g","status":"publish","type":"product","link":"https:\/\/www.biscottificiogrondona.com\/it\/prodotto\/pane-croccante-350g\/","title":{"rendered":"Pane Croccante"},"content":{"rendered":"<p>Il Pane Croccante \u00e8 composto di tutto punto da una fetta di pane leggermente tostata, ma c'\u00e8 molto di pi\u00f9.<\/p>\n<p>L'aroma, la digeribilit\u00e0 e la fragranza di questo prodotto sono interamente dovuti all'utilizzo di \"100% lievito madre Grondona\", con l'aggiunta di olio extravergine di oliva di qualit\u00e0 superiore.<\/p>\n<p>Questo significa che durante tutta la fase di lavorazione del lievito madre (pi\u00f9 di due giorni) non \u00e8 stata aggiunta la minima quantit\u00e0 di lievito di birra o altri prodotti \"acceleranti\", nemmeno per i numerosi rinfreschi. Questa \u00e8 la ricetta tradizionale di Grondona.<\/p>\n<p>Questo prodotto \u00e8 eccellente per la colazione, le bruschette, le tartine, le zuppe, le insalate, ecc.... ( il pane tradizionale \u00e8 quasi sempre prodotto con il lievito oggigiorno).<\/p>\n<p>&nbsp;<\/p>","protected":false},"excerpt":{"rendered":"<p>Pane croccante tostato, all'olio extravergine di oliva<\/p>","protected":false},"featured_media":10595,"template":"","meta":{"_acf_changed":false},"product_brand":[],"product_cat":[31,29],"product_tag":[48],"class_list":{"0":"post-1710","1":"product","2":"type-product","3":"status-publish","4":"has-post-thumbnail","6":"product_cat-pane","7":"product_cat-grondona","8":"product_tag-classic","10":"first","11":"instock","12":"taxable","13":"shipping-taxable","14":"purchasable","15":"product-type-simple"},"acf":[],"jetpack_sharing_enabled":true,"_links":{"self":[{"href":"https:\/\/www.biscottificiogrondona.com\/it\/wp-json\/wp\/v2\/product\/1710","targetHints":{"allow":["GET"]}}],"collection":[{"href":"https:\/\/www.biscottificiogrondona.com\/it\/wp-json\/wp\/v2\/product"}],"about":[{"href":"https:\/\/www.biscottificiogrondona.com\/it\/wp-json\/wp\/v2\/types\/product"}],"wp:featuredmedia":[{"embeddable":true,"href":"https:\/\/www.biscottificiogrondona.com\/it\/wp-json\/wp\/v2\/media\/10595"}],"wp:attachment":[{"href":"https:\/\/www.biscottificiogrondona.com\/it\/wp-json\/wp\/v2\/media?parent=1710"}],"wp:term":[{"taxonomy":"product_brand","embeddable":true,"href":"https:\/\/www.biscottificiogrondona.com\/it\/wp-json\/wp\/v2\/product_brand?post=1710"},{"taxonomy":"product_cat","embeddable":true,"href":"https:\/\/www.biscottificiogrondona.com\/it\/wp-json\/wp\/v2\/product_cat?post=1710"},{"taxonomy":"product_tag","embeddable":true,"href":"https:\/\/www.biscottificiogrondona.com\/it\/wp-json\/wp\/v2\/product_tag?post=1710"}],"curies":[{"name":"wp","href":"https:\/\/api.w.org\/{rel}","templated":true}]}}