{"id":6464,"date":"2021-12-03T12:18:50","date_gmt":"2021-12-03T12:18:50","guid":{"rendered":"https:\/\/biscottificiogrondona.com\/?post_type=product&#038;p=6464"},"modified":"2025-04-29T11:58:52","modified_gmt":"2025-04-29T09:58:52","slug":"canestrelli-antica-genova-prestige-300g","status":"publish","type":"product","link":"https:\/\/www.biscottificiogrondona.com\/it\/prodotto\/canestrelli-antica-genova-prestige-300g\/","title":{"rendered":"Canestrelli Antica Genova\u00ae Prestige"},"content":{"rendered":"<p>I Canestrelli Antica Genova\u00ae hanno la forma della Grondona: la semplicit\u00e0.<\/p>\n<p>La friabilit\u00e0 e il sapore di un una volta, in una semplice pasta frolla che diventa unica grazie agli ingredienti ricchi e naturali e alla lunga e attenta lavorazione.<\/p>\n<p>Farina selezionata, burro fresco, bacche di vaniglia e succo di limone appena spremuto. Sono questi i pochi e semplici gli ingredienti naturali per questa ricetta tradizionale.<\/p>\n<p>Come specialit\u00e0 della pasticceria italiana, il biscotto \u00e8 sobrio e attento alla sostanza come lo \u00e8 la terra da cui arriva.<\/p>\n<p>Scegliete voi come gustarli, puri nella loro semplice consistenza, o rifiniti con una spolverata di zucchero a velo che confezioniamo in un sacchetto a parte per guarnire i vostri momenti di break.<\/p>\n<p>Godetevi il viaggio!<\/p>","protected":false},"excerpt":{"rendered":"<p>Essere semplici non vuol dire essere ordinari<\/p>","protected":false},"featured_media":10598,"template":"","meta":{"_acf_changed":false},"product_brand":[],"product_cat":[34,29],"product_tag":[64,49,50,52],"class_list":{"0":"post-6464","1":"product","2":"type-product","3":"status-publish","4":"has-post-thumbnail","6":"product_cat-gift","7":"product_cat-grondona","8":"product_tag-dried-fruit","9":"product_tag-fruity","10":"product_tag-lemon","11":"product_tag-vanilla","13":"first","14":"instock","15":"taxable","16":"shipping-taxable","17":"purchasable","18":"product-type-simple"},"acf":[],"jetpack_sharing_enabled":true,"_links":{"self":[{"href":"https:\/\/www.biscottificiogrondona.com\/it\/wp-json\/wp\/v2\/product\/6464","targetHints":{"allow":["GET"]}}],"collection":[{"href":"https:\/\/www.biscottificiogrondona.com\/it\/wp-json\/wp\/v2\/product"}],"about":[{"href":"https:\/\/www.biscottificiogrondona.com\/it\/wp-json\/wp\/v2\/types\/product"}],"wp:featuredmedia":[{"embeddable":true,"href":"https:\/\/www.biscottificiogrondona.com\/it\/wp-json\/wp\/v2\/media\/10598"}],"wp:attachment":[{"href":"https:\/\/www.biscottificiogrondona.com\/it\/wp-json\/wp\/v2\/media?parent=6464"}],"wp:term":[{"taxonomy":"product_brand","embeddable":true,"href":"https:\/\/www.biscottificiogrondona.com\/it\/wp-json\/wp\/v2\/product_brand?post=6464"},{"taxonomy":"product_cat","embeddable":true,"href":"https:\/\/www.biscottificiogrondona.com\/it\/wp-json\/wp\/v2\/product_cat?post=6464"},{"taxonomy":"product_tag","embeddable":true,"href":"https:\/\/www.biscottificiogrondona.com\/it\/wp-json\/wp\/v2\/product_tag?post=6464"}],"curies":[{"name":"wp","href":"https:\/\/api.w.org\/{rel}","templated":true}]}}