{"id":7537,"date":"2022-02-19T02:39:58","date_gmt":"2022-02-19T02:39:58","guid":{"rendered":"https:\/\/staging.biscottificiogrondona.com\/?post_type=product&#038;p=7537"},"modified":"2024-11-04T12:15:09","modified_gmt":"2024-11-04T12:15:09","slug":"thee-classico-100g-x-12-pcs","status":"publish","type":"product","link":"https:\/\/www.biscottificiogrondona.com\/it\/prodotto\/thee-classico-100g-x-12-pcs\/","title":{"rendered":"Il classico"},"content":{"rendered":"<p>&nbsp;<\/p>\n<p>Questo cofanetto assortito (100 g x 12 confezioni) \u00e8 un gioco da ragazzi: \u00e8 composto da tutto ci\u00f2 di cui hai bisogno e che desideri: 3 confezioni di Canestrelli, 3 di Pandolcini, 3 di Lunette e 3 di Cuori Mori. Non c'\u00e8 bisogno di scegliere tra gocce di cioccolato, frutta candita, zucchero a velo o cacao perch\u00e9 avrete tutto combinato.<\/p>","protected":false},"excerpt":{"rendered":"<p>I classici non tramontano mai<\/p>","protected":false},"featured_media":10216,"template":"","meta":{"_acf_changed":false},"product_brand":[],"product_cat":[88],"product_tag":[],"class_list":{"0":"post-7537","1":"product","2":"type-product","3":"status-publish","4":"has-post-thumbnail","6":"product_cat-griglia-pasticceria-100g","8":"first","9":"instock","10":"taxable","11":"shipping-taxable","12":"purchasable","13":"product-type-variable"},"acf":[],"jetpack_sharing_enabled":true,"_links":{"self":[{"href":"https:\/\/www.biscottificiogrondona.com\/it\/wp-json\/wp\/v2\/product\/7537","targetHints":{"allow":["GET"]}}],"collection":[{"href":"https:\/\/www.biscottificiogrondona.com\/it\/wp-json\/wp\/v2\/product"}],"about":[{"href":"https:\/\/www.biscottificiogrondona.com\/it\/wp-json\/wp\/v2\/types\/product"}],"wp:featuredmedia":[{"embeddable":true,"href":"https:\/\/www.biscottificiogrondona.com\/it\/wp-json\/wp\/v2\/media\/10216"}],"wp:attachment":[{"href":"https:\/\/www.biscottificiogrondona.com\/it\/wp-json\/wp\/v2\/media?parent=7537"}],"wp:term":[{"taxonomy":"product_brand","embeddable":true,"href":"https:\/\/www.biscottificiogrondona.com\/it\/wp-json\/wp\/v2\/product_brand?post=7537"},{"taxonomy":"product_cat","embeddable":true,"href":"https:\/\/www.biscottificiogrondona.com\/it\/wp-json\/wp\/v2\/product_cat?post=7537"},{"taxonomy":"product_tag","embeddable":true,"href":"https:\/\/www.biscottificiogrondona.com\/it\/wp-json\/wp\/v2\/product_tag?post=7537"}],"curies":[{"name":"wp","href":"https:\/\/api.w.org\/{rel}","templated":true}]}}