{"id":7560,"date":"2022-02-19T03:42:32","date_gmt":"2022-02-19T03:42:32","guid":{"rendered":"https:\/\/staging.biscottificiogrondona.com\/?post_type=product&#038;p=7560"},"modified":"2024-11-09T19:08:26","modified_gmt":"2024-11-09T19:08:26","slug":"after-dinner-100g-x-12-pcs","status":"publish","type":"product","link":"https:\/\/www.biscottificiogrondona.com\/it\/prodotto\/after-dinner-100g-x-12-pcs\/","title":{"rendered":"After Dinner"},"content":{"rendered":"<p>'After Dinner' \u00e8 un astuccio assortito (100 g x 12 pezzi) composto da 6 confezioni di Cantuccini e 6 di Pandolcini. La semplicit\u00e0 del pi\u00f9 puro dei biscotti con la lussuosa aggiunta di mandorle, uvetta, frutta candita e pinoli: \u00e8 la scusa perfetta per una pausa pomeridiana extra.<\/p>","protected":false},"excerpt":{"rendered":"<p>Il miglior modo per concludere la tua giornata<\/p>","protected":false},"featured_media":8002,"template":"","meta":{"_acf_changed":false},"product_brand":[],"product_cat":[88],"product_tag":[],"class_list":{"0":"post-7560","1":"product","2":"type-product","3":"status-publish","4":"has-post-thumbnail","6":"product_cat-griglia-pasticceria-100g","8":"first","9":"instock","10":"taxable","11":"shipping-taxable","12":"purchasable","13":"product-type-variable"},"acf":[],"jetpack_sharing_enabled":true,"_links":{"self":[{"href":"https:\/\/www.biscottificiogrondona.com\/it\/wp-json\/wp\/v2\/product\/7560","targetHints":{"allow":["GET"]}}],"collection":[{"href":"https:\/\/www.biscottificiogrondona.com\/it\/wp-json\/wp\/v2\/product"}],"about":[{"href":"https:\/\/www.biscottificiogrondona.com\/it\/wp-json\/wp\/v2\/types\/product"}],"wp:featuredmedia":[{"embeddable":true,"href":"https:\/\/www.biscottificiogrondona.com\/it\/wp-json\/wp\/v2\/media\/8002"}],"wp:attachment":[{"href":"https:\/\/www.biscottificiogrondona.com\/it\/wp-json\/wp\/v2\/media?parent=7560"}],"wp:term":[{"taxonomy":"product_brand","embeddable":true,"href":"https:\/\/www.biscottificiogrondona.com\/it\/wp-json\/wp\/v2\/product_brand?post=7560"},{"taxonomy":"product_cat","embeddable":true,"href":"https:\/\/www.biscottificiogrondona.com\/it\/wp-json\/wp\/v2\/product_cat?post=7560"},{"taxonomy":"product_tag","embeddable":true,"href":"https:\/\/www.biscottificiogrondona.com\/it\/wp-json\/wp\/v2\/product_tag?post=7560"}],"curies":[{"name":"wp","href":"https:\/\/api.w.org\/{rel}","templated":true}]}}